{"id":1143,"date":"2020-11-03T13:28:37","date_gmt":"2020-11-03T12:28:37","guid":{"rendered":"https:\/\/nanophotonics.fizyka.umk.pl\/?page_id=1143"},"modified":"2025-06-16T13:43:09","modified_gmt":"2025-06-16T11:43:09","slug":"topics","status":"publish","type":"page","link":"https:\/\/nanophotonics.fizyka.umk.pl\/?page_id=1143","title":{"rendered":"Tematy bada\u0144"},"content":{"rendered":"\n<p>Katedra Nanofotoniki specjalizuje si\u0119 w badaniach nanomateria\u0142\u00f3w oraz nanostruktur, zw\u0142aszcza oddzia\u0142ywa\u0144 zachodz\u0105cych pomi\u0119dzy pojedynczymi obiektami nano\u015bwiata. Badania s\u0105 prowadzone metodami mikroskopii optycznej oraz spektroskopii. Obejmuj\u0105 one zar\u00f3wno podstawowe problemy fizyki, jak r\u00f3wnie\u017c obszary potencjalnych zastosowa\u0144 nanomateria\u0142\u00f3w. <br>Tematy prowadzonych bada\u0144:<\/p>\n\n\n\n<ol class=\"wp-block-list\">\n<li><a href=\"https:\/\/nanophotonics.fizyka.umk.pl\/?page_id=2191\" data-type=\"URL\" data-id=\"https:\/\/nanophotonics.fizyka.umk.pl\/?page_id=2191\">Mikroskopia optyczna i spektroskopia<\/a><\/li>\n\n\n\n<li><a href=\"https:\/\/nanophotonics.fizyka.umk.pl\/?page_id=2351\" data-type=\"URL\" data-id=\"https:\/\/nanophotonics.fizyka.umk.pl\/?page_id=2351\">Plazmonika<\/a><\/li>\n\n\n\n<li><a href=\"https:\/\/nanophotonics.fizyka.umk.pl\/?page_id=2401\" data-type=\"URL\" data-id=\"https:\/\/nanophotonics.fizyka.umk.pl\/?page_id=2401\">Materia\u0142y upkonwertuj\u0105ce \/ nanokryszta\u0142y domieszkowane jonami lantanowc\u00f3w<\/a><\/li>\n\n\n\n<li><a href=\"https:\/\/nanophotonics.fizyka.umk.pl\/?page_id=2456\" data-type=\"URL\" data-id=\"https:\/\/nanophotonics.fizyka.umk.pl\/?page_id=2456\">Nanotermometria i nanosensoryka<\/a><\/li>\n\n\n\n<li><a href=\"https:\/\/nanophotonics.fizyka.umk.pl\/?page_id=1122\">Mikroskopia bliskiego pola<\/a><\/li>\n\n\n\n<li><a href=\"https:\/\/nanophotonics.fizyka.umk.pl\/?page_id=2601\" data-type=\"URL\" data-id=\"https:\/\/nanophotonics.fizyka.umk.pl\/?page_id=2601\">Materia\u0142y chiralne<\/a><\/li>\n\n\n\n<li><a href=\"https:\/\/nanophotonics.fizyka.umk.pl\/?page_id=2626\" data-type=\"URL\" data-id=\"https:\/\/nanophotonics.fizyka.umk.pl\/?page_id=2626\">Kropki kwantowe<\/a><\/li>\n\n\n\n<li>Electroluminescence<br><\/li>\n<\/ol>\n\n\n\n<p><\/p>\n","protected":false},"excerpt":{"rendered":"<p>Katedra Nanofotoniki specjalizuje si\u0119 w badaniach nanomateria\u0142\u00f3w oraz nanostruktur, zw\u0142aszcza oddzia\u0142ywa\u0144 zachodz\u0105cych pomi\u0119dzy pojedynczymi obiektami nano\u015bwiata. Badania s\u0105 prowadzone metodami mikroskopii optycznej oraz spektroskopii. Obejmuj\u0105 one zar\u00f3wno podstawowe problemy fizyki, jak r\u00f3wnie\u017c obszary potencjalnych zastosowa\u0144 nanomateria\u0142\u00f3w. Tematy prowadzonych bada\u0144:<\/p>\n","protected":false},"author":10,"featured_media":0,"parent":0,"menu_order":0,"comment_status":"closed","ping_status":"closed","template":"","meta":{"neve_meta_sidebar":"full-width","neve_meta_container":"","neve_meta_enable_content_width":"on","neve_meta_content_width":100,"neve_meta_title_alignment":"","neve_meta_author_avatar":"","neve_post_elements_order":"","neve_meta_disable_header":"","neve_meta_disable_footer":"","neve_meta_disable_title":"","_themeisle_gutenberg_block_has_review":false,"footnotes":""},"class_list":["post-1143","page","type-page","status-publish","hentry"],"_links":{"self":[{"href":"https:\/\/nanophotonics.fizyka.umk.pl\/index.php?rest_route=\/wp\/v2\/pages\/1143","targetHints":{"allow":["GET"]}}],"collection":[{"href":"https:\/\/nanophotonics.fizyka.umk.pl\/index.php?rest_route=\/wp\/v2\/pages"}],"about":[{"href":"https:\/\/nanophotonics.fizyka.umk.pl\/index.php?rest_route=\/wp\/v2\/types\/page"}],"author":[{"embeddable":true,"href":"https:\/\/nanophotonics.fizyka.umk.pl\/index.php?rest_route=\/wp\/v2\/users\/10"}],"replies":[{"embeddable":true,"href":"https:\/\/nanophotonics.fizyka.umk.pl\/index.php?rest_route=%2Fwp%2Fv2%2Fcomments&post=1143"}],"version-history":[{"count":23,"href":"https:\/\/nanophotonics.fizyka.umk.pl\/index.php?rest_route=\/wp\/v2\/pages\/1143\/revisions"}],"predecessor-version":[{"id":2888,"href":"https:\/\/nanophotonics.fizyka.umk.pl\/index.php?rest_route=\/wp\/v2\/pages\/1143\/revisions\/2888"}],"wp:attachment":[{"href":"https:\/\/nanophotonics.fizyka.umk.pl\/index.php?rest_route=%2Fwp%2Fv2%2Fmedia&parent=1143"}],"curies":[{"name":"wp","href":"https:\/\/api.w.org\/{rel}","templated":true}]}}