{"id":1201,"date":"2020-11-03T13:45:55","date_gmt":"2020-11-03T12:45:55","guid":{"rendered":"https:\/\/nanophotonics.fizyka.umk.pl\/?page_id=1201"},"modified":"2024-09-30T12:53:48","modified_gmt":"2024-09-30T10:53:48","slug":"posters","status":"publish","type":"page","link":"https:\/\/nanophotonics.fizyka.umk.pl\/?page_id=1201","title":{"rendered":"Media"},"content":{"rendered":"\n<h2 class=\"has-text-align-center wp-block-heading\">Media<\/h2>\n\n\n\n<h3 class=\"has-text-align-left wp-block-heading\">2023<\/h3>\n\n\n\n<ul class=\"wp-block-list\"><li><a href=\"https:\/\/naukawpolsce.pl\/aktualnosci\/news%2C98910%2Csztuczna-optyczna-synapsa.html\">Sztuczna optyczna Synapsa<\/a> <br>Nauka w Polsce (2023)<\/li><\/ul>\n\n\n\n<h3 class=\"wp-block-heading\">2012<\/h3>\n\n\n\n<ul class=\"wp-block-list\"><li><a href=\"https:\/\/welcome.fizyka.umk.pl\/files\/GW.pdf\">Nauka w zupe\u0142nie nowym \u015bwietle<br><\/a><em>Mater. Toru\u0144.gazeta.pl<\/em>&nbsp;(2012)<\/li><\/ul>\n\n\n\n<p><\/p>\n","protected":false},"excerpt":{"rendered":"<p>Media 2023 Sztuczna optyczna Synapsa Nauka w Polsce (2023) 2012 Nauka w zupe\u0142nie nowym \u015bwietleMater. Toru\u0144.gazeta.pl&nbsp;(2012)<\/p>\n","protected":false},"author":10,"featured_media":0,"parent":971,"menu_order":0,"comment_status":"closed","ping_status":"closed","template":"","meta":{"neve_meta_sidebar":"full-width","neve_meta_container":"","neve_meta_enable_content_width":"on","neve_meta_content_width":100,"neve_meta_title_alignment":"","neve_meta_author_avatar":"","neve_post_elements_order":"","neve_meta_disable_header":"","neve_meta_disable_footer":"","neve_meta_disable_title":"on","_themeisle_gutenberg_block_has_review":false,"footnotes":""},"class_list":["post-1201","page","type-page","status-publish","hentry"],"_links":{"self":[{"href":"https:\/\/nanophotonics.fizyka.umk.pl\/index.php?rest_route=\/wp\/v2\/pages\/1201","targetHints":{"allow":["GET"]}}],"collection":[{"href":"https:\/\/nanophotonics.fizyka.umk.pl\/index.php?rest_route=\/wp\/v2\/pages"}],"about":[{"href":"https:\/\/nanophotonics.fizyka.umk.pl\/index.php?rest_route=\/wp\/v2\/types\/page"}],"author":[{"embeddable":true,"href":"https:\/\/nanophotonics.fizyka.umk.pl\/index.php?rest_route=\/wp\/v2\/users\/10"}],"replies":[{"embeddable":true,"href":"https:\/\/nanophotonics.fizyka.umk.pl\/index.php?rest_route=%2Fwp%2Fv2%2Fcomments&post=1201"}],"version-history":[{"count":10,"href":"https:\/\/nanophotonics.fizyka.umk.pl\/index.php?rest_route=\/wp\/v2\/pages\/1201\/revisions"}],"predecessor-version":[{"id":2666,"href":"https:\/\/nanophotonics.fizyka.umk.pl\/index.php?rest_route=\/wp\/v2\/pages\/1201\/revisions\/2666"}],"up":[{"embeddable":true,"href":"https:\/\/nanophotonics.fizyka.umk.pl\/index.php?rest_route=\/wp\/v2\/pages\/971"}],"wp:attachment":[{"href":"https:\/\/nanophotonics.fizyka.umk.pl\/index.php?rest_route=%2Fwp%2Fv2%2Fmedia&parent=1201"}],"curies":[{"name":"wp","href":"https:\/\/api.w.org\/{rel}","templated":true}]}}