{"id":1287,"date":"2020-11-03T14:39:38","date_gmt":"2020-11-03T13:39:38","guid":{"rendered":"https:\/\/nanophotonics.fizyka.umk.pl\/?page_id=1287"},"modified":"2025-06-10T11:36:22","modified_gmt":"2025-06-10T09:36:22","slug":"wpolpraca","status":"publish","type":"page","link":"https:\/\/nanophotonics.fizyka.umk.pl\/?page_id=1287","title":{"rendered":"Wsp\u00f3\u0142praca"},"content":{"rendered":"\n<div id=\"wp-block-themeisle-blocks-advanced-columns-4255ff4b\" class=\"wp-block-themeisle-blocks-advanced-columns has-1-columns has-desktop-equal-layout has-tablet-equal-layout has-mobile-equal-layout has-vertical-unset has-default-gap\"><div class=\"wp-block-themeisle-blocks-advanced-columns-overlay\"><\/div><div class=\"innerblocks-wrap\">\n<div id=\"wp-block-themeisle-blocks-advanced-column-9af8ea3f\" class=\"wp-block-themeisle-blocks-advanced-column\"><\/div>\n<\/div><\/div>\n\n\n\n<div class=\"wp-block-columns is-layout-flex wp-container-core-columns-is-layout-9d6595d7 wp-block-columns-is-layout-flex\">\n<div class=\"wp-block-column is-layout-flow wp-block-column-is-layout-flow\">\n<h2 class=\"wp-block-heading\">Polska<\/h2>\n\n\n\n<ul class=\"wp-block-list\">\n<li><a href=\"https:\/\/www.surfacenanogroup.com\/people\/joanna-niedziolka-jonsson\/\" data-type=\"URL\" data-id=\"https:\/\/www.surfacenanogroup.com\/people\/joanna-niedziolka-jonsson\/\">Joanna Niedzi\u00f3\u0142ka-J\u00f6nsson<\/a><br><em>Instytut Chemii Fizycznej PAN, Warszawa<\/em><\/li>\n\n\n\n<li><a href=\"https:\/\/wch.pwr.edu.pl\/pracownicy\/joanna-olesiak-banska\">Joanna Olesiak-Ba\u0144ska<\/a><br><em>Politechnika Wroc\u0142awska<\/em><\/li>\n\n\n\n<li><a href=\"https:\/\/www.ifpan.edu.pl\/en\/institute\/address-book-submenu\/klopotowski-lukasz.html\">\u0141ukasz K\u0142opotowski<\/a><br><em>Instytut Fizyki PAN, Warszawa<\/em><\/li>\n\n\n\n<li><a href=\"https:\/\/wch.pwr.edu.pl\/pracownicy\/marcin-nyk\">Marcin Nyk<\/a><br><em><em>Politechnika Wroc\u0142awska<\/em><\/em><\/li>\n\n\n\n<li><a href=\"https:\/\/lunasi.intibs.pl\/general-information\/lunasi-team-members.html?view=article&amp;id=1024:abednarkiewicz-full&amp;catid=114:team-pis\">Artur Bednarkiewicz<\/a><br><em>Instytut Niskich Temperatur i Bada\u0144 Strukturalnych PAN, Wroc\u0142aw<\/em><\/li>\n\n\n\n<li><a href=\"https:\/\/scholar.google.com\/citations?hl=en&amp;user=4ono85UAAAAJ\">Paulina P\u0142ochocka<\/a><br><em><em>Politechnika Wroc\u0142awska<\/em><\/em><\/li>\n\n\n\n<li><a href=\"https:\/\/cent.uw.edu.pl\/en\/laboratories\/laboratorium-fotosyntezy-i-paliw-slonecznych\/#z1\">Joanna Kargul<\/a><br><em>Centrum Nowych Technologii Uniwersytetu Warszawskiego<\/em><\/li>\n\n\n\n<li><a href=\"https:\/\/cmpw-pan.edu.pl\/index.php?option=com_k2&amp;view=item&amp;layout=item&amp;id=1661&amp;Itemid=579&amp;lang=pl\">Ewa Schab-Balcerzak<\/a><br><em>Centrum Materia\u0142\u00f3w Polimerowych i W\u0119glowych PAN, Zabrze <\/em><\/li>\n\n\n\n<li><a href=\"https:\/\/fotokataliza.pl\/wojciech-macyk\/\">Wojciech Macyk<\/a><br><em>Uniwersytet Jagiello\u0144ski, Krak\u00f3w<\/em><\/li>\n\n\n\n<li><a href=\"https:\/\/profile.chem.uni.wroc.pl\/api\/en\/profile\/1742?_locale=pl\">Marta Gordel-W\u00f3jcik<\/a><br><em>Uniwersytet Wroc\u0142awski<\/em><\/li>\n<\/ul>\n<\/div>\n\n\n\n<div class=\"wp-block-column is-layout-flow wp-block-column-is-layout-flow\">\n<h2 class=\"wp-block-heading\">zagranica<\/h2>\n\n\n\n<p><strong>NIEMCY<\/strong><\/p>\n\n\n\n<ul class=\"wp-block-list\">\n<li><a href=\"https:\/\/physchem.cup.uni-muenchen.de\/hartschuh\/\">Achim Hartschuh<\/a><br><em>Ludwig-Maximilians-Universit\u00e4t M\u00fcnchen<\/em><\/li>\n<\/ul>\n\n\n\n<p><\/p>\n\n\n\n<p id=\"USA\"><strong>FRANCJA<\/strong><\/p>\n\n\n\n<ul id=\"block-4ea275af-ba1f-4b5b-99ea-85cd329ca75c\" class=\"wp-block-list\">\n<li><a href=\"https:\/\/icb.u-bourgogne.fr\/equipe\/alexandre-bouhelier\/\">Alexandre Bouhelier<\/a><br><em>Carnot Interdisciplinary Laboratory of Burgundy<\/em><\/li>\n<\/ul>\n\n\n\n<p><\/p>\n<\/div>\n<\/div>\n\n\n\n<p><\/p>\n","protected":false},"excerpt":{"rendered":"<p>Polska zagranica NIEMCY FRANCJA<\/p>\n","protected":false},"author":10,"featured_media":0,"parent":0,"menu_order":0,"comment_status":"closed","ping_status":"closed","template":"","meta":{"neve_meta_sidebar":"full-width","neve_meta_container":"","neve_meta_enable_content_width":"on","neve_meta_content_width":100,"neve_meta_title_alignment":"","neve_meta_author_avatar":"","neve_post_elements_order":"","neve_meta_disable_header":"","neve_meta_disable_footer":"","neve_meta_disable_title":"","_themeisle_gutenberg_block_has_review":false,"footnotes":""},"class_list":["post-1287","page","type-page","status-publish","hentry"],"_links":{"self":[{"href":"https:\/\/nanophotonics.fizyka.umk.pl\/index.php?rest_route=\/wp\/v2\/pages\/1287","targetHints":{"allow":["GET"]}}],"collection":[{"href":"https:\/\/nanophotonics.fizyka.umk.pl\/index.php?rest_route=\/wp\/v2\/pages"}],"about":[{"href":"https:\/\/nanophotonics.fizyka.umk.pl\/index.php?rest_route=\/wp\/v2\/types\/page"}],"author":[{"embeddable":true,"href":"https:\/\/nanophotonics.fizyka.umk.pl\/index.php?rest_route=\/wp\/v2\/users\/10"}],"replies":[{"embeddable":true,"href":"https:\/\/nanophotonics.fizyka.umk.pl\/index.php?rest_route=%2Fwp%2Fv2%2Fcomments&post=1287"}],"version-history":[{"count":17,"href":"https:\/\/nanophotonics.fizyka.umk.pl\/index.php?rest_route=\/wp\/v2\/pages\/1287\/revisions"}],"predecessor-version":[{"id":2834,"href":"https:\/\/nanophotonics.fizyka.umk.pl\/index.php?rest_route=\/wp\/v2\/pages\/1287\/revisions\/2834"}],"wp:attachment":[{"href":"https:\/\/nanophotonics.fizyka.umk.pl\/index.php?rest_route=%2Fwp%2Fv2%2Fmedia&parent=1287"}],"curies":[{"name":"wp","href":"https:\/\/api.w.org\/{rel}","templated":true}]}}