{"id":1296,"date":"2020-11-03T14:45:14","date_gmt":"2020-11-03T13:45:14","guid":{"rendered":"https:\/\/nanophotonics.fizyka.umk.pl\/?page_id=1296"},"modified":"2025-11-17T14:33:12","modified_gmt":"2025-11-17T13:33:12","slug":"contact","status":"publish","type":"page","link":"https:\/\/nanophotonics.fizyka.umk.pl\/?page_id=1296&lang=en","title":{"rendered":"Contact"},"content":{"rendered":"<div style=\"height:400pxpx;\" class=\"wp-block-themeisle-blocks-leaflet-map\" id=\"wp-block-themeisle-blocks-google-map-a65389de\"><\/div>\n<script type=\"text\/javascript\">\n\t\/* <![CDATA[ *\/\n\t\tif ( ! window.themeisleLeafletMaps ) window.themeisleLeafletMaps =[];\n\t\twindow.themeisleLeafletMaps.push( { container: \"wp-block-themeisle-blocks-google-map-a65389de\", attributes: {\"id\":\"wp-block-themeisle-blocks-google-map-a65389de\",\"latitude\":\"53.009877498611445\",\"longitude\":\"18.600368499755863\",\"bbox\":\"18.550157546997074,52.99954778677595,18.650579452514652,53.02020473877273\",\"zoom\":14,\"markers\":[{\"latitude\":53.017070796219983,\"longitude\":18.602987311132896,\"id\":\"a2e11eac-d405-474c-9216-fd7bf8ce1fd1\",\"title\":\"Add a title\",\"description\":\"\"}],\"location\":\"La Sagrada Familia, Barcelona, Spain\",\"height\":\"400px\",\"zoomControl\":true,\"draggable\":true,\"hasCustomCSS\":false,\"customCSS\":\"\",\"otterConditions\":[]} } );\n\t\/* ]]> *\/\n<\/script>\n\n\n\n<p>Nanophotonics Group<br>Institute of Physics<br>Department of Physics, Astronomy and Informatics<br>Nicolaus Copernicus University in Toru\u0144<br>Grudzi\u0105dzka 5-7<br>87-500 Toru\u0144<br>Poland<\/p>\n\n\n\n<div id=\"wp-block-themeisle-blocks-form-8e19f712\" class=\"wp-block-themeisle-blocks-form\" data-option-name=\"bf9b28ff82ce323187abc5d0feb0d8f07ecd8436_8e19f712\"><form class=\"otter-form__container\">\n<div id=\"wp-block-themeisle-blocks-form-input-377f9e0a\" class=\"wp-block-themeisle-blocks-form-input\"><label for=\"wp-block-themeisle-blocks-form-input-377f9e0a-input\" class=\"otter-form-input-label\"><span class=\"otter-form-input-label__label\">Name<\/span><span class=\"required\">*<\/span><\/label><input type=\"text\" id=\"wp-block-themeisle-blocks-form-input-377f9e0a-input\" required class=\"otter-form-input\"\/><\/div>\n\n\n\n<div id=\"wp-block-themeisle-blocks-form-input-db2be076\" class=\"wp-block-themeisle-blocks-form-input\"><label for=\"wp-block-themeisle-blocks-form-input-db2be076-input\" class=\"otter-form-input-label\"><span class=\"otter-form-input-label__label\">Email<\/span><span class=\"required\">*<\/span><\/label><input type=\"email\" id=\"wp-block-themeisle-blocks-form-input-db2be076-input\" required class=\"otter-form-input\"\/><\/div>\n\n\n<div class=\"protection\" aria-hidden=\"true\"><input type=\"hidden\" id=\"wp-block-themeisle-blocks-form-8e19f712_nonce_field\" name=\"wp-block-themeisle-blocks-form-8e19f712_nonce_field\" value=\"277a3a075f\" \/><input type=\"hidden\" name=\"_wp_http_referer\" value=\"\/index.php?rest_route=%2Fwp%2Fv2%2Fpages%2F1296\" \/><input class=\"o-anti-bot\" type=\"checkbox\"><\/div>\n\n\n<div id=\"wp-block-themeisle-blocks-form-textarea-95940a8c\" class=\"wp-block-themeisle-blocks-form-textarea\"><label for=\"wp-block-themeisle-blocks-form-textarea-95940a8c-input\" class=\"otter-form-textarea-label\"><span class=\"otter-form-textarea-label__label\">Message<\/span><\/label><textarea id=\"wp-block-themeisle-blocks-form-textarea-95940a8c-input\" rows=\"10\" class=\"otter-form-textarea-input\"><\/textarea><\/div>\n\n\n\n<p class=\"has-extra-small-font-size\">You agree to receive email communication from us by submitting this form and understand that your contact information will be stored with us.<\/p>\n<div class=\"wp-block-button\"><button class=\"wp-block-button__link\" type=\"submit\">Submit<\/button><\/div><\/form><\/div>\n\n\n\n<div id=\"wp-block-themeisle-blocks-advanced-columns-a585514d\" class=\"wp-block-themeisle-blocks-advanced-columns has-1-columns has-desktop-equal-layout has-tablet-equal-layout has-mobile-equal-layout has-vertical-unset has-default-gap\"><div class=\"wp-block-themeisle-blocks-advanced-columns-overlay\"><\/div><div class=\"innerblocks-wrap\">\n<div id=\"wp-block-themeisle-blocks-advanced-column-6c383fa3\" class=\"wp-block-themeisle-blocks-advanced-column\"><\/div>\n<\/div><\/div>\n\n\n\n<p id=\"students\"><\/p>\n\n\n\n<p><\/p>\n","protected":false},"excerpt":{"rendered":"<p>Nanophotonics GroupInstitute of PhysicsDepartment of Physics, Astronomy and InformaticsNicolaus Copernicus University in Toru\u0144Grudzi\u0105dzka 5-787-500 Toru\u0144Poland<\/p>\n","protected":false},"author":10,"featured_media":0,"parent":0,"menu_order":0,"comment_status":"closed","ping_status":"closed","template":"","meta":{"neve_meta_sidebar":"full-width","neve_meta_container":"","neve_meta_enable_content_width":"on","neve_meta_content_width":100,"neve_meta_title_alignment":"","neve_meta_author_avatar":"","neve_post_elements_order":"","neve_meta_disable_header":"","neve_meta_disable_footer":"","neve_meta_disable_title":"","_themeisle_gutenberg_block_has_review":false,"footnotes":""},"class_list":["post-1296","page","type-page","status-publish","hentry"],"_links":{"self":[{"href":"https:\/\/nanophotonics.fizyka.umk.pl\/index.php?rest_route=\/wp\/v2\/pages\/1296","targetHints":{"allow":["GET"]}}],"collection":[{"href":"https:\/\/nanophotonics.fizyka.umk.pl\/index.php?rest_route=\/wp\/v2\/pages"}],"about":[{"href":"https:\/\/nanophotonics.fizyka.umk.pl\/index.php?rest_route=\/wp\/v2\/types\/page"}],"author":[{"embeddable":true,"href":"https:\/\/nanophotonics.fizyka.umk.pl\/index.php?rest_route=\/wp\/v2\/users\/10"}],"replies":[{"embeddable":true,"href":"https:\/\/nanophotonics.fizyka.umk.pl\/index.php?rest_route=%2Fwp%2Fv2%2Fcomments&post=1296"}],"version-history":[{"count":21,"href":"https:\/\/nanophotonics.fizyka.umk.pl\/index.php?rest_route=\/wp\/v2\/pages\/1296\/revisions"}],"predecessor-version":[{"id":2945,"href":"https:\/\/nanophotonics.fizyka.umk.pl\/index.php?rest_route=\/wp\/v2\/pages\/1296\/revisions\/2945"}],"wp:attachment":[{"href":"https:\/\/nanophotonics.fizyka.umk.pl\/index.php?rest_route=%2Fwp%2Fv2%2Fmedia&parent=1296"}],"curies":[{"name":"wp","href":"https:\/\/api.w.org\/{rel}","templated":true}]}}