{"id":2456,"date":"2024-09-11T09:08:43","date_gmt":"2024-09-11T07:08:43","guid":{"rendered":"https:\/\/nanophotonics.fizyka.umk.pl\/?page_id=2456"},"modified":"2025-06-16T16:04:02","modified_gmt":"2025-06-16T14:04:02","slug":"nanothermometry-and-nanosensorics-2","status":"publish","type":"page","link":"https:\/\/nanophotonics.fizyka.umk.pl\/?page_id=2456","title":{"rendered":"Nanotermometria i nanosensoryka"},"content":{"rendered":"\n<div class=\"wp-block-columns is-layout-flex wp-container-core-columns-is-layout-9d6595d7 wp-block-columns-is-layout-flex\">\n<div class=\"wp-block-column is-layout-flow wp-block-column-is-layout-flow\" style=\"flex-basis:100%\">\n<div class=\"wp-block-columns is-layout-flex wp-container-core-columns-is-layout-9d6595d7 wp-block-columns-is-layout-flex\">\n<div class=\"wp-block-column is-layout-flow wp-block-column-is-layout-flow\" style=\"flex-basis:100%\"><\/div>\n<\/div>\n\n\n\n<div class=\"wp-block-media-text alignwide is-stacked-on-mobile\" style=\"grid-template-columns:29% auto\"><figure class=\"wp-block-media-text__media\"><img loading=\"lazy\" decoding=\"async\" width=\"1024\" height=\"1024\" src=\"https:\/\/nanophotonics.fizyka.umk.pl\/wp-content\/uploads\/2024\/09\/Designer-3.jpeg\" alt=\"Thermometry\" class=\"wp-image-2576 size-full\" srcset=\"https:\/\/nanophotonics.fizyka.umk.pl\/wp-content\/uploads\/2024\/09\/Designer-3.jpeg 1024w, https:\/\/nanophotonics.fizyka.umk.pl\/wp-content\/uploads\/2024\/09\/Designer-3-300x300.jpeg 300w, https:\/\/nanophotonics.fizyka.umk.pl\/wp-content\/uploads\/2024\/09\/Designer-3-150x150.jpeg 150w, https:\/\/nanophotonics.fizyka.umk.pl\/wp-content\/uploads\/2024\/09\/Designer-3-768x768.jpeg 768w\" sizes=\"auto, (max-width: 1024px) 100vw, 1024px\" \/><\/figure><div class=\"wp-block-media-text__content\">\n<p class=\"has-normal-font-size\">Tworzenie nanoskalowych czujnik\u00f3w jest intesywnie rozwijane w ostanich latach. Obejmuje ono r\u00f3wnie\u017c wytwarzanie i badanie czujnik\u00f3w optycznych, umo\u017cliwiaj\u0105cych bezkontaktowe, szybkie i nieinwazyjne pomiary. <\/p>\n\n\n\n<p class=\"has-normal-font-size\">W naszym laboratorium rozwijamy kilka aspekt\u00f3w zwi\u0105zanych z nanosensoryk\u0105. Jednym z nich jest wytwarzanie nanostruktur zdolnych do specyficznego przy\u0142\u0105czania do swojej pownierzchni obiekt\u00f3w okre\u015blonego typu. Ponadto niekt\u00f3re materia\u0142y (jak np. nanocz\u0105stki metaliczne) umo\u017cliwiaj\u0105 r\u00f3wnie\u017c wzmacnianie sygna\u0142\u00f3w optycznych pochodz\u0105cych od wykrywanych emiter\u00f3w, dodatkowo podnosz\u0105c czu\u0142u\u015b\u0107 tego typu metod. Innym apsektem zwi\u0105zanym z tym tematem jest nanotermometria luminescencyjna, pozwalaj\u0105ca na bezkontaktowy i lokalny pomiar temepratury w oparciu o termiczne zmiany w\u0142a\u015bciwo\u015bci optycznych nanostruktur.<\/p>\n<\/div><\/div>\n<\/div>\n<\/div>\n\n\n\n<p><strong>Wybrane publikacje:<\/strong><\/p>\n\n\n\n<p> D. Jankowski, K. Wiwatowski, M. \u017bebrowski, A. Pilch-Wr\u00f3bel, A. Bednarkiewicz, S. Ma\u0107kowski, D. Pi\u0105tkowski<br>\u201cLuminescent Nanocrystal Probes for Monitoring Temperature and Thermal Energy Dissipation of Electrical Microcircuit\u201d<br><em>Nanomaterials<\/em>,&nbsp;<strong>14<\/strong>, 24 (2024), 1985.<br>DOI:&nbsp;<a rel=\"noreferrer noopener\" href=\"https:\/\/doi.org\/10.3390\/nano14241985\" target=\"_blank\">10.3390\/nano14241985<\/a><\/p>\n\n\n\n<p>K. Wiwatowski, K. Sulowska, R. Houssaini, A. Pilch-Wr\u00f3bel, A. Bednarkiewicz, A. Hartschuh, S. Ma\u0107kowski, D. Pi\u0105tkowski<br>&#8220;Single up-conversion nanocrystal as a local temperature probe of electrically heated silver nanowire&#8221;<br><em>Nanoscale<\/em>, <strong>15<\/strong> (2023), 10614-10622.<br>DOI: <a href=\"http:\/\/dx.doi.org\/10.1039\/d3nr01461d\">10.1039\/d3nr01461d<\/a> <\/p>\n\n\n\n<p> K. Sulowska, E. Ro\u017aniecka, J. Niedzi\u00f3\u0142ka-J\u00f6nsson, S. Ma\u0107kowski<br>&#8220;Aligned silver nanowires for plasmonically-enhanced fluorescence detection of photoactive proteins in wet and dry environment&#8221;<br><em>Spectrochimica Acta Part A: Molecular and Biomolecular Spectroscopy<\/em>, <strong>289 <\/strong>(2023), 122225.<br>DOI: <a href=\"http:\/\/dx.doi.org\/10.1016\/j.saa.2022.122225\">10.1016\/j.saa.2022.122225<\/a> <\/p>\n\n\n\n<p> M. Jankowska, K. Sulowska, K. Wiwatowski, J. Niedzi\u00f3\u0142ka-J\u00f6nsson, S. Ma\u0107kowski<br>&#8220;Real-time fluorescence imaging of His-tag-driven conjugation of mCherry proteins to silver nanowires&#8221;<br><em>Chemosensors<\/em>, <strong>10<\/strong> (2022), 149.<br>DOI: <a href=\"http:\/\/dx.doi.org\/10.3390\/chemosensors10040149\">10.3390\/chemosensors10040149<\/a> <\/p>\n\n\n\n<p> M. A Antoniak, R. P\u0105zik, U. Bazyli\u0144ska, K. Wiwatowski, A. Tomaszewska, M. Kulpa-Greszta, J. Adamczyk-Grochala, M. Wnuk, S. Ma\u0107kowski, A. Lewi\u0144ska, M. Nyk<br>&#8220;Multimodal polymer encapsulated CdSe\/Fe3O4 nanoplatform with improved biocompatibility for two-photon and temperature stimulated bioapplications&#8221; <br><em>J. Mater. Chem. C<\/em>&nbsp;<strong>127<\/strong>&nbsp;(2021), 112224<br>DOI:&nbsp;<a rel=\"noreferrer noopener\" href=\"http:\/\/dx.doi.org\/https:\/\/doi.org\/10.1016\/j.msec.2021.112224\" target=\"_blank\">10.1016\/j.msec.2021.112224<\/a> <\/p>\n\n\n\n<p><\/p>\n\n\n\n<p><\/p>\n\n\n\n<p><\/p>\n","protected":false},"excerpt":{"rendered":"<p>Tworzenie nanoskalowych czujnik\u00f3w jest intesywnie rozwijane w ostanich latach. Obejmuje ono r\u00f3wnie\u017c wytwarzanie i badanie czujnik\u00f3w optycznych, umo\u017cliwiaj\u0105cych bezkontaktowe, szybkie i nieinwazyjne pomiary. W naszym laboratorium rozwijamy kilka aspekt\u00f3w zwi\u0105zanych z nanosensoryk\u0105. Jednym z nich jest wytwarzanie nanostruktur zdolnych do specyficznego przy\u0142\u0105czania do swojej pownierzchni obiekt\u00f3w okre\u015blonego typu. Ponadto niekt\u00f3re materia\u0142y (jak np. nanocz\u0105stki metaliczne)&hellip;&nbsp;<a href=\"https:\/\/nanophotonics.fizyka.umk.pl\/?page_id=2456\" rel=\"bookmark\">Read More &raquo;<span class=\"screen-reader-text\">Nanotermometria i nanosensoryka<\/span><\/a><\/p>\n","protected":false},"author":71,"featured_media":0,"parent":0,"menu_order":4,"comment_status":"closed","ping_status":"closed","template":"","meta":{"neve_meta_sidebar":"full-width","neve_meta_container":"","neve_meta_enable_content_width":"on","neve_meta_content_width":100,"neve_meta_title_alignment":"","neve_meta_author_avatar":"","neve_post_elements_order":"","neve_meta_disable_header":"","neve_meta_disable_footer":"","neve_meta_disable_title":"","_themeisle_gutenberg_block_has_review":false,"footnotes":""},"class_list":["post-2456","page","type-page","status-publish","hentry"],"_links":{"self":[{"href":"https:\/\/nanophotonics.fizyka.umk.pl\/index.php?rest_route=\/wp\/v2\/pages\/2456","targetHints":{"allow":["GET"]}}],"collection":[{"href":"https:\/\/nanophotonics.fizyka.umk.pl\/index.php?rest_route=\/wp\/v2\/pages"}],"about":[{"href":"https:\/\/nanophotonics.fizyka.umk.pl\/index.php?rest_route=\/wp\/v2\/types\/page"}],"author":[{"embeddable":true,"href":"https:\/\/nanophotonics.fizyka.umk.pl\/index.php?rest_route=\/wp\/v2\/users\/71"}],"replies":[{"embeddable":true,"href":"https:\/\/nanophotonics.fizyka.umk.pl\/index.php?rest_route=%2Fwp%2Fv2%2Fcomments&post=2456"}],"version-history":[{"count":6,"href":"https:\/\/nanophotonics.fizyka.umk.pl\/index.php?rest_route=\/wp\/v2\/pages\/2456\/revisions"}],"predecessor-version":[{"id":2906,"href":"https:\/\/nanophotonics.fizyka.umk.pl\/index.php?rest_route=\/wp\/v2\/pages\/2456\/revisions\/2906"}],"wp:attachment":[{"href":"https:\/\/nanophotonics.fizyka.umk.pl\/index.php?rest_route=%2Fwp%2Fv2%2Fmedia&parent=2456"}],"curies":[{"name":"wp","href":"https:\/\/api.w.org\/{rel}","templated":true}]}}