{"id":2626,"date":"2024-09-30T12:39:43","date_gmt":"2024-09-30T10:39:43","guid":{"rendered":"https:\/\/nanophotonics.fizyka.umk.pl\/?page_id=2626"},"modified":"2025-02-19T11:12:38","modified_gmt":"2025-02-19T10:12:38","slug":"quantum-nanodots-qds","status":"publish","type":"page","link":"https:\/\/nanophotonics.fizyka.umk.pl\/?page_id=2626","title":{"rendered":"Quantum nanodots (QDs)"},"content":{"rendered":"\n<div class=\"wp-block-media-text alignwide is-stacked-on-mobile\" style=\"grid-template-columns:30% auto\"><figure class=\"wp-block-media-text__media\"><img loading=\"lazy\" decoding=\"async\" width=\"1024\" height=\"1024\" src=\"https:\/\/nanophotonics.fizyka.umk.pl\/wp-content\/uploads\/2024\/09\/Designer-7.jpeg\" alt=\"\" class=\"wp-image-2611 size-full\" srcset=\"https:\/\/nanophotonics.fizyka.umk.pl\/wp-content\/uploads\/2024\/09\/Designer-7.jpeg 1024w, https:\/\/nanophotonics.fizyka.umk.pl\/wp-content\/uploads\/2024\/09\/Designer-7-300x300.jpeg 300w, https:\/\/nanophotonics.fizyka.umk.pl\/wp-content\/uploads\/2024\/09\/Designer-7-150x150.jpeg 150w, https:\/\/nanophotonics.fizyka.umk.pl\/wp-content\/uploads\/2024\/09\/Designer-7-768x768.jpeg 768w\" sizes=\"auto, (max-width: 1024px) 100vw, 1024px\" \/><\/figure><div class=\"wp-block-media-text__content\">\n<p class=\"has-normal-font-size\">Quantum nanodots are nanoscale 0D objects composed of semiconductive material. They exhibit luminescence with properties tightly connected with their size and chemical composition. They found numerous applications in optoelectronics, sensorics and biomedical research. <\/p>\n\n\n\n<p>In our lab we study optical properties of single QDs of various type, as well as their interactions with other materials. <\/p>\n<\/div><\/div>\n\n\n\n<p><strong>Related papers<\/strong><\/p>\n\n\n\n<p>M. Bia\u0142y, K. Sulowska, K. Wiwatowski, M. \u0106wik, D. Buczy\u0144ska, W. Nogala, M. Jonsson-Niedzi\u00f3\u0142ka, D. Pi\u0105tkowski, S. Ma\u0107kowski, J. Niedzi\u00f3\u0142ka-Jonsson<br>\u201cOptical Interfacing of Plasmonic Waveguides with Colloidal Quantum Dots\u201d<br><em>The Journal of Physical Chemistry C<\/em>,&nbsp;<strong>129<\/strong>, 2 (2025), 1260-1269.<br>DOI:&nbsp;<a href=\"https:\/\/doi.org\/10.1021\/acs.jpcc.4c05904\">10.1021\/acs.jpcc.4c05904<\/a><\/p>\n\n\n\n<p>M. Bia\u0142y, M. Jankowska, K. Sulowska, M. Szalkowski, J. Niedzi\u00f3\u0142ka-Jonsson, S. Ma\u0107kowski<br>\u201cControlled encapsulation of colloidal semiconductor quantum dots in a microdroplet\u201d<br><em>Physical Chemistry Chemical Physics<\/em>,&nbsp;<strong>27<\/strong>, 1 (2025), 346-354.<br>DOI:&nbsp;<a rel=\"noreferrer noopener\" target=\"_blank\" href=\"https:\/\/doi.org\/10.1039\/D4CP03419H\">10.1039\/D4CP03419H<\/a><\/p>\n","protected":false},"excerpt":{"rendered":"<p>Quantum nanodots are nanoscale 0D objects composed of semiconductive material. They exhibit luminescence with properties tightly connected with their size and chemical composition. They found numerous applications in optoelectronics, sensorics and biomedical research. In our lab we study optical properties of single QDs of various type, as well as their interactions with other materials. Related&hellip;&nbsp;<a href=\"https:\/\/nanophotonics.fizyka.umk.pl\/?page_id=2626\" rel=\"bookmark\">Read More &raquo;<span class=\"screen-reader-text\">Quantum nanodots (QDs)<\/span><\/a><\/p>\n","protected":false},"author":71,"featured_media":0,"parent":1143,"menu_order":0,"comment_status":"closed","ping_status":"closed","template":"","meta":{"neve_meta_sidebar":"full-width","neve_meta_container":"","neve_meta_enable_content_width":"on","neve_meta_content_width":100,"neve_meta_title_alignment":"","neve_meta_author_avatar":"","neve_post_elements_order":"","neve_meta_disable_header":"","neve_meta_disable_footer":"","neve_meta_disable_title":"","_themeisle_gutenberg_block_has_review":false,"footnotes":""},"class_list":["post-2626","page","type-page","status-publish","hentry"],"_links":{"self":[{"href":"https:\/\/nanophotonics.fizyka.umk.pl\/index.php?rest_route=\/wp\/v2\/pages\/2626","targetHints":{"allow":["GET"]}}],"collection":[{"href":"https:\/\/nanophotonics.fizyka.umk.pl\/index.php?rest_route=\/wp\/v2\/pages"}],"about":[{"href":"https:\/\/nanophotonics.fizyka.umk.pl\/index.php?rest_route=\/wp\/v2\/types\/page"}],"author":[{"embeddable":true,"href":"https:\/\/nanophotonics.fizyka.umk.pl\/index.php?rest_route=\/wp\/v2\/users\/71"}],"replies":[{"embeddable":true,"href":"https:\/\/nanophotonics.fizyka.umk.pl\/index.php?rest_route=%2Fwp%2Fv2%2Fcomments&post=2626"}],"version-history":[{"count":3,"href":"https:\/\/nanophotonics.fizyka.umk.pl\/index.php?rest_route=\/wp\/v2\/pages\/2626\/revisions"}],"predecessor-version":[{"id":2804,"href":"https:\/\/nanophotonics.fizyka.umk.pl\/index.php?rest_route=\/wp\/v2\/pages\/2626\/revisions\/2804"}],"up":[{"embeddable":true,"href":"https:\/\/nanophotonics.fizyka.umk.pl\/index.php?rest_route=\/wp\/v2\/pages\/1143"}],"wp:attachment":[{"href":"https:\/\/nanophotonics.fizyka.umk.pl\/index.php?rest_route=%2Fwp%2Fv2%2Fmedia&parent=2626"}],"curies":[{"name":"wp","href":"https:\/\/api.w.org\/{rel}","templated":true}]}}