{"id":2721,"date":"2025-01-11T17:42:56","date_gmt":"2025-01-11T16:42:56","guid":{"rendered":"https:\/\/nanophotonics.fizyka.umk.pl\/?page_id=2721"},"modified":"2025-02-18T13:24:43","modified_gmt":"2025-02-18T12:24:43","slug":"2721-2","status":"publish","type":"page","link":"https:\/\/nanophotonics.fizyka.umk.pl\/?page_id=2721","title":{"rendered":"dr in\u017c. Marcin Szalkowski"},"content":{"rendered":"\n<div class=\"wp-block-media-text alignwide is-stacked-on-mobile is-image-fill\" style=\"grid-template-columns:28% auto\"><figure class=\"wp-block-media-text__media\" style=\"background-image:url(https:\/\/nanophotonics.fizyka.umk.pl\/wp-content\/uploads\/2024\/06\/Marcin_Fotka-934x1024.jpg);background-position:39% 23%\"><img loading=\"lazy\" decoding=\"async\" width=\"934\" height=\"1024\" src=\"https:\/\/nanophotonics.fizyka.umk.pl\/wp-content\/uploads\/2024\/06\/Marcin_Fotka-934x1024.jpg\" alt=\"Marcin Szalkowski\" class=\"wp-image-1956 size-full\" srcset=\"https:\/\/nanophotonics.fizyka.umk.pl\/wp-content\/uploads\/2024\/06\/Marcin_Fotka-934x1024.jpg 934w, https:\/\/nanophotonics.fizyka.umk.pl\/wp-content\/uploads\/2024\/06\/Marcin_Fotka-274x300.jpg 274w, https:\/\/nanophotonics.fizyka.umk.pl\/wp-content\/uploads\/2024\/06\/Marcin_Fotka-768x842.jpg 768w, https:\/\/nanophotonics.fizyka.umk.pl\/wp-content\/uploads\/2024\/06\/Marcin_Fotka.jpg 1266w\" sizes=\"auto, (max-width: 934px) 100vw, 934px\" \/><\/figure><div class=\"wp-block-media-text__content\">\n<p><em>Marcin Szalkowski received his PhD in Biophysics in 2019 at the NCU in Toru\u0144. His doctoral research focuses on the application of plasmonically active materials in biosolar cells. <\/em> <\/p>\n\n\n\n<p><em>He is specialized in optical spectroscopy and microscopy techniques. His scientific interest covers plasmonics, optical properties of nanomaterials, optoelectronics, luminescence thermometry, electroluminescence, and sensorics.<\/em> <em>Currently, he is progressing in studies of photon avalanche upconverting nanomaterials from the perspective of fundamental studies as well as future applications of such materials.<\/em><\/p>\n\n\n\n<div class=\"wp-block-buttons is-content-justification-center is-layout-flex wp-block-buttons-is-layout-flex\">\n<div class=\"wp-block-button\"><a class=\"wp-block-button__link\" href=\"https:\/\/scholar.google.com\/citations?hl=pl&amp;user=WFvMmEYAAAAJ\" target=\"_blank\" rel=\"noreferrer noopener\">Google Scholar<\/a><\/div>\n<\/div>\n<\/div><\/div>\n\n\n\n<h3 class=\"wp-block-heading\">Selected publications:<\/h3>\n\n\n\n<ul class=\"wp-block-list\"><li>M. Szalkowski, A. Kotulska, M. Dudek, Z. Korczak, M. Majak, \u0141. Marciniak, M. Misiak, K. Prorok, A. Skripka, P. J. Schuck, E. M. Chan, A. Bednarkiewicz<br>\u201cAdvances in the photon avalanche luminescence of inorganic lanthanide-doped nanomaterials\u201d<br><em>Chemical Society Reviews<\/em>,\u00a0<strong>54<\/strong>\u00a0(2025), 983-1026.<br>DOI:\u00a0<a rel=\"noreferrer noopener\" target=\"_blank\" href=\"https:\/\/doi.org\/10.1039\/D4CS00177J\">10.1039\/D4CS00177J<\/a><\/li><li>M. Bia\u0142y, M. Jankowska, K. Sulowska, M. Szalkowski, J. Niedzi\u00f3\u0142ka-Jonsson, S. Ma\u0107kowski<br>\u201cControlled encapsulation of colloidal semiconductor quantum dots in a microdroplet\u201d<br><em>Physical Chemistry Chemical Physics<\/em>,\u00a0<strong>27<\/strong>, 1 (2025), 346-354.<br>DOI:\u00a0<a rel=\"noreferrer noopener\" target=\"_blank\" href=\"https:\/\/doi.org\/10.1039\/D4CP03419H\">10.1039\/D4CP03419H<\/a><\/li><li>M. Szalkowski, M. Kiliszek, E. Harputlu, M. Izzo, C. G. Unlu, S. Ma\u0107kowski, K. Ocakoglu, J. Kargul, D. Kowalska<br>\u201cBimodal functionality of highly conductive nanostructured silver film towards improved performance of photosystem I-based graphene photocathode\u201d<br><em>Bioelectrochemistry<\/em>,\u00a0<strong>161<\/strong>\u00a0(2025), 108825.<br>DOI:\u00a0<a rel=\"noreferrer noopener\" href=\"https:\/\/doi.org\/10.1016\/j.bioelechem.2024.108825\" target=\"_blank\">10.1016\/j.bioelechem.2024.108825<\/a><\/li><li>A. Bednarkiewicz, M. Szalkowski, M. Majak, Z. Korczak, M. Misiak, S. Ma\u0107kowski<br>\u201cAll\u2010optical data processing with photon\u2010avalanching nanocrystalline photonic synapse\u201d<br><em>Advanced Materials<\/em>,\u00a0<strong>35<\/strong>\u00a0(2023), 2304390.<br>DOI:\u00a0<a href=\"http:\/\/dx.doi.org\/10.1002\/adma.202304390\">10.1002\/adma.202304390<\/a><\/li><li>K. Maciejewska, A. Pa\u015bciak, M. Szalkowski, M. Ptak, A. Bednarkiewicz, \u0141. Marciniak<br>\u201cTwo-dimentional photo-thermo-polimerisation of MMA with Cr<sup>3+<\/sup>\u00a0doped nanoheaters\u201d<br><em>Materials Research Bulletin<\/em>,\u00a0<strong>160<\/strong>\u00a0(2023), 112119.<br>DOI:\u00a0<a href=\"http:\/\/dx.doi.org\/10.1016\/j.materresbull.2022.112119\">10.1016\/j.materresbull.2022.112119<\/a><\/li><li>M. Dudek, Z. Korczak, K. Prorok, O. Bezkrovnyi, L. Sun, M. Szalkowski, A. Bednarkiewicz<br>\u201cUnderstanding Yb<sup>3+<\/sup>-sensitized photon avalanche in Pr<sup>3+<\/sup>\u00a0co-doped nanocrystals: modelling and optimization\u201d<br><em>Nanoscale<\/em>,\u00a0<strong>15<\/strong>\u00a0(2023), 18613-18623.<br>DOI:\u00a0<a href=\"http:\/\/dx.doi.org\/10.1039\/d3nr04409b\">10.1039\/d3nr04409b<\/a><\/li><li>Z. Korczak, M. Dudek, M. Majak, M. Misiak, \u0141. Marciniak, M. Szalkowski, A. Bednarkiewicz<br>\u201cSensitized photon avalanche nanothermometry in Pr<sup>3+<\/sup>\u00a0and Yb<sup>3+<\/sup>\u00a0co-doped NaYF<sub>4<\/sub>\u00a0colloidal nanoparticles\u201d<br><em>Low Temperature Physics<\/em>,\u00a0<strong>49<\/strong>\u00a0(2023), 351-359.<br>DOI:\u00a0<a href=\"http:\/\/dx.doi.org\/10.1063\/10.0017243\">10.1063\/10.0017243<\/a><\/li><li>M. Misiak, O. Pavlosiuk, M. Szalkowski, A. Kotulska, K. Ledwa, A. Bednarkiewicz<br>\u201cOn the role of Gd<sup>3+<\/sup>\u00a0ions in enhancement of UV emission from Yb<sup>3+<\/sup>\u2013Tm<sup>3+<\/sup>\u00a0up-converting LiYF<sub>4<\/sub>\u00a0nanocrystals\u201d<br><em>Nanotechnology<\/em>,\u00a0<strong>34<\/strong>\u00a0(2023), 345702.<br>DOI:\u00a0<a href=\"http:\/\/dx.doi.org\/10.1088\/1361-6528\/acd701\">10.1088\/1361-6528\/acd701<\/a><\/li><li>M. Szalkowski, A. Surrente, K. Wiwatowski, Z. Yang, N. Zhang, J. D. Janna Olmos, J. Kargul, P. P\u0142ochocka, S. Ma\u0107kowski<br>\u201cSpectral dependence of the energy transfer from photosynthetic complexes to monolayer graphene\u201d<br><em>International Journal of Molecular Sciences<\/em>\u00a0<strong>23<\/strong>\u00a0(2022), 3494.<br>DOI:\u00a0<a href=\"http:\/\/dx.doi.org\/10.3390\/ijms23073493\">DOI:10.3390\/ijms23073493<\/a><\/li><li>M. Szalkowski, D. Kowalska, J. D. Janna Olmos, J. Kargul, S. Ma\u0107kowski<br>\u201cImproving photostability of photosystem I-based nanodevice by plasmonic interactions with planar silver nanostructures\u201d<br><em>International Journal of Molecular Sciences<\/em>,\u00a0<strong>23<\/strong>\u00a0(2022), 2976.<br>DOI:\u00a0<a href=\"http:\/\/dx.doi.org\/10.3390\/ijms23062976\">10.3390\/ijms23062976<\/a><\/li><\/ul>\n\n\n\n<p><\/p>\n","protected":false},"excerpt":{"rendered":"<p>Selected publications: M. Szalkowski, A. Kotulska, M. Dudek, Z. Korczak, M. Majak, \u0141. Marciniak, M. Misiak, K. Prorok, A. Skripka, P. J. Schuck, E. M. Chan, A. Bednarkiewicz\u201cAdvances in the photon avalanche luminescence of inorganic lanthanide-doped nanomaterials\u201dChemical Society Reviews,\u00a054\u00a0(2025), 983-1026.DOI:\u00a010.1039\/D4CS00177J M. Bia\u0142y, M. Jankowska, K. Sulowska, M. Szalkowski, J. Niedzi\u00f3\u0142ka-Jonsson, S. Ma\u0107kowski\u201cControlled encapsulation of colloidal&hellip;&nbsp;<a href=\"https:\/\/nanophotonics.fizyka.umk.pl\/?page_id=2721\" rel=\"bookmark\">Read More &raquo;<span class=\"screen-reader-text\">dr in\u017c. Marcin Szalkowski<\/span><\/a><\/p>\n","protected":false},"author":71,"featured_media":0,"parent":884,"menu_order":0,"comment_status":"closed","ping_status":"closed","template":"","meta":{"neve_meta_sidebar":"full-width","neve_meta_container":"","neve_meta_enable_content_width":"on","neve_meta_content_width":100,"neve_meta_title_alignment":"","neve_meta_author_avatar":"","neve_post_elements_order":"","neve_meta_disable_header":"","neve_meta_disable_footer":"","neve_meta_disable_title":"","_themeisle_gutenberg_block_has_review":false,"footnotes":""},"class_list":["post-2721","page","type-page","status-publish","hentry"],"_links":{"self":[{"href":"https:\/\/nanophotonics.fizyka.umk.pl\/index.php?rest_route=\/wp\/v2\/pages\/2721","targetHints":{"allow":["GET"]}}],"collection":[{"href":"https:\/\/nanophotonics.fizyka.umk.pl\/index.php?rest_route=\/wp\/v2\/pages"}],"about":[{"href":"https:\/\/nanophotonics.fizyka.umk.pl\/index.php?rest_route=\/wp\/v2\/types\/page"}],"author":[{"embeddable":true,"href":"https:\/\/nanophotonics.fizyka.umk.pl\/index.php?rest_route=\/wp\/v2\/users\/71"}],"replies":[{"embeddable":true,"href":"https:\/\/nanophotonics.fizyka.umk.pl\/index.php?rest_route=%2Fwp%2Fv2%2Fcomments&post=2721"}],"version-history":[{"count":9,"href":"https:\/\/nanophotonics.fizyka.umk.pl\/index.php?rest_route=\/wp\/v2\/pages\/2721\/revisions"}],"predecessor-version":[{"id":2783,"href":"https:\/\/nanophotonics.fizyka.umk.pl\/index.php?rest_route=\/wp\/v2\/pages\/2721\/revisions\/2783"}],"up":[{"embeddable":true,"href":"https:\/\/nanophotonics.fizyka.umk.pl\/index.php?rest_route=\/wp\/v2\/pages\/884"}],"wp:attachment":[{"href":"https:\/\/nanophotonics.fizyka.umk.pl\/index.php?rest_route=%2Fwp%2Fv2%2Fmedia&parent=2721"}],"curies":[{"name":"wp","href":"https:\/\/api.w.org\/{rel}","templated":true}]}}