{"id":2741,"date":"2025-01-14T08:46:22","date_gmt":"2025-01-14T07:46:22","guid":{"rendered":"https:\/\/nanophotonics.fizyka.umk.pl\/?page_id=2741"},"modified":"2025-02-18T13:31:23","modified_gmt":"2025-02-18T12:31:23","slug":"mgr-inz-martyna-jankowska","status":"publish","type":"page","link":"https:\/\/nanophotonics.fizyka.umk.pl\/?page_id=2741","title":{"rendered":"mgr in\u017c. Martyna Jankowska"},"content":{"rendered":"\n<div class=\"wp-block-media-text alignwide is-stacked-on-mobile\" style=\"grid-template-columns:25% auto\"><figure class=\"wp-block-media-text__media\"><img decoding=\"async\" src=\"https:\/\/nanophotonics.fizyka.umk.pl\/wp-content\/uploads\/2025\/01\/DSC03410-770x1024.png\" alt=\"Martyna Jankowska\" class=\"wp-image-2742 size-full\"\/><\/figure><div class=\"wp-block-media-text__content\">\n<p><em>Martyna Jankowska received an Engineer&#8217;s and Master&#8217;s degrees in technical physics at the Pozna\u0144 University of Technology, specializing in nanomaterials and functional materials. Now, she is a PhD student at the Doctoral School of Exact and Natural Science in the Institute of Physics at the Nicolaus Copernicus University in Toru\u0144.<\/em><\/p>\n\n\n\n<p><em><br>Her research focuses on hybrid nanostructures consisting of photochromic molecules, silver nanoparticles, and up-converting nanoparticles. She investigates the changes in the optical properties of such systems and the influence of metallic nanoparticles on photochromic reactions.<\/em><\/p>\n\n\n\n<div class=\"wp-block-buttons is-content-justification-center is-layout-flex wp-block-buttons-is-layout-flex\">\n<div class=\"wp-block-button\"><a class=\"wp-block-button__link\" href=\"https:\/\/scholar.google.com\/citations?user=8DHsTboAAAAJ&amp;hl=en\" target=\"_blank\" rel=\"noreferrer noopener\">Google Scholar<\/a><\/div>\n<\/div>\n<\/div><\/div>\n\n\n\n<h4 class=\"wp-block-heading\">Selected publications:<\/h4>\n\n\n\n<ul class=\"wp-block-list\"><li>M. Bia\u0142y, M. Jankowska, K. Sulowska, M. Szalkowski, J. Niedzi\u00f3\u0142ka-Jonsson, S. Ma\u0107kowski<br>\u201cControlled encapsulation of colloidal semiconductor quantum dots in a microdroplet\u201d<br><em>Physical Chemistry Chemical Physics<\/em>,\u00a0<strong>27<\/strong>, 1 (2025), 346-354.<br>DOI:\u00a0<a rel=\"noreferrer noopener\" target=\"_blank\" href=\"https:\/\/doi.org\/10.1039\/D4CP03419H\">10.1039\/D4CP03419H<\/a><\/li><li>A. Jakimi\u0144ska, K. Sulowska, M. Bia\u0142y, M. Jankowska, K. Wiwatowski, W. Macyk, S. Ma\u0107kowski, J. Niedzi\u00f3\u0142ka-J\u00f6nsson<br>\u201cRemote Photocatalysis\u2500The Photocatalytic Activity of TiO<sub>2<\/sub>\u00a0Excited Via Surface Plasmon Polariton Propagation in a Single Silver Nanowire\u201d<br><em>The Journal of Physical Chemistry C<\/em>,\u00a0<strong>128<\/strong>, 50 (2024), 21343-21348.<br>DOI:\u00a0<a href=\"https:\/\/doi.org\/10.1021\/acs.jpcc.4c04907\">10.1021\/acs.jpcc.4c04907<\/a><\/li><li>M. Jankowska, K. Sulowska, K. Wiwatowski, J. Niedzi\u00f3\u0142ka-J\u00f6nsson, S. Ma\u0107kowski<br>\u201cReal-time fluorescence imaging of His-tag-driven conjugation of mCherry proteins to silver nanowires\u201d<br><em>Chemosensors<\/em>,\u00a0<strong>10<\/strong>\u00a0(2022), 149.<br>DOI:\u00a0<a href=\"http:\/\/dx.doi.org\/10.3390\/chemosensors10040149\">10.3390\/chemosensors10040149<\/a><\/li><li>M. \u0106wik , K. Sulowska, D. Buczy\u0144ska , E. Ro\u017aniecka , M. Jankowska, S. Ma\u0107kowski, J Niedzi\u00f3\u0142ka-J\u00f6nsson<br>\u201cControlling plasmon propagation and enhancement via reducing agent in wet chemistry synthesized silver nanowires\u201d<br><em>Opt. Express<\/em>\u00a0<strong>29<\/strong>\u00a0(2021), 8834-8845<br>DOI:\u00a0<a rel=\"noreferrer noopener\" href=\"http:\/\/dx.doi.org\/https:\/\/doi.org\/10.1364\/OE.412903\" target=\"_blank\">10.1364\/OE.412903<\/a><\/li><\/ul>\n","protected":false},"excerpt":{"rendered":"<p>Selected publications: M. Bia\u0142y, M. Jankowska, K. Sulowska, M. Szalkowski, J. Niedzi\u00f3\u0142ka-Jonsson, S. Ma\u0107kowski\u201cControlled encapsulation of colloidal semiconductor quantum dots in a microdroplet\u201dPhysical Chemistry Chemical Physics,\u00a027, 1 (2025), 346-354.DOI:\u00a010.1039\/D4CP03419H A. Jakimi\u0144ska, K. Sulowska, M. Bia\u0142y, M. Jankowska, K. Wiwatowski, W. Macyk, S. Ma\u0107kowski, J. Niedzi\u00f3\u0142ka-J\u00f6nsson\u201cRemote Photocatalysis\u2500The Photocatalytic Activity of TiO2\u00a0Excited Via Surface Plasmon Polariton Propagation&hellip;&nbsp;<a href=\"https:\/\/nanophotonics.fizyka.umk.pl\/?page_id=2741\" rel=\"bookmark\">Read More &raquo;<span class=\"screen-reader-text\">mgr in\u017c. Martyna Jankowska<\/span><\/a><\/p>\n","protected":false},"author":71,"featured_media":0,"parent":884,"menu_order":0,"comment_status":"closed","ping_status":"closed","template":"","meta":{"neve_meta_sidebar":"full-width","neve_meta_container":"","neve_meta_enable_content_width":"on","neve_meta_content_width":100,"neve_meta_title_alignment":"","neve_meta_author_avatar":"","neve_post_elements_order":"","neve_meta_disable_header":"","neve_meta_disable_footer":"","neve_meta_disable_title":"","_themeisle_gutenberg_block_has_review":false,"footnotes":""},"class_list":["post-2741","page","type-page","status-publish","hentry"],"_links":{"self":[{"href":"https:\/\/nanophotonics.fizyka.umk.pl\/index.php?rest_route=\/wp\/v2\/pages\/2741","targetHints":{"allow":["GET"]}}],"collection":[{"href":"https:\/\/nanophotonics.fizyka.umk.pl\/index.php?rest_route=\/wp\/v2\/pages"}],"about":[{"href":"https:\/\/nanophotonics.fizyka.umk.pl\/index.php?rest_route=\/wp\/v2\/types\/page"}],"author":[{"embeddable":true,"href":"https:\/\/nanophotonics.fizyka.umk.pl\/index.php?rest_route=\/wp\/v2\/users\/71"}],"replies":[{"embeddable":true,"href":"https:\/\/nanophotonics.fizyka.umk.pl\/index.php?rest_route=%2Fwp%2Fv2%2Fcomments&post=2741"}],"version-history":[{"count":2,"href":"https:\/\/nanophotonics.fizyka.umk.pl\/index.php?rest_route=\/wp\/v2\/pages\/2741\/revisions"}],"predecessor-version":[{"id":2788,"href":"https:\/\/nanophotonics.fizyka.umk.pl\/index.php?rest_route=\/wp\/v2\/pages\/2741\/revisions\/2788"}],"up":[{"embeddable":true,"href":"https:\/\/nanophotonics.fizyka.umk.pl\/index.php?rest_route=\/wp\/v2\/pages\/884"}],"wp:attachment":[{"href":"https:\/\/nanophotonics.fizyka.umk.pl\/index.php?rest_route=%2Fwp%2Fv2%2Fmedia&parent=2741"}],"curies":[{"name":"wp","href":"https:\/\/api.w.org\/{rel}","templated":true}]}}