{"id":2753,"date":"2025-01-14T11:43:10","date_gmt":"2025-01-14T10:43:10","guid":{"rendered":"https:\/\/nanophotonics.fizyka.umk.pl\/?page_id=2753"},"modified":"2025-02-18T13:27:29","modified_gmt":"2025-02-18T12:27:29","slug":"dr-dawid-jankowski","status":"publish","type":"page","link":"https:\/\/nanophotonics.fizyka.umk.pl\/?page_id=2753","title":{"rendered":"dr Dawid Jankowski"},"content":{"rendered":"\n<div class=\"wp-block-media-text alignwide is-stacked-on-mobile\" style=\"grid-template-columns:34% auto\"><figure class=\"wp-block-media-text__media\"><img loading=\"lazy\" decoding=\"async\" width=\"381\" height=\"463\" src=\"https:\/\/nanophotonics.fizyka.umk.pl\/wp-content\/uploads\/2024\/06\/DJ_showtime-e1718098630129.jpeg\" alt=\"Dawid Jankowski\" class=\"wp-image-2026 size-full\" srcset=\"https:\/\/nanophotonics.fizyka.umk.pl\/wp-content\/uploads\/2024\/06\/DJ_showtime-e1718098630129.jpeg 381w, https:\/\/nanophotonics.fizyka.umk.pl\/wp-content\/uploads\/2024\/06\/DJ_showtime-e1718098630129-247x300.jpeg 247w\" sizes=\"auto, (max-width: 381px) 100vw, 381px\" \/><\/figure><div class=\"wp-block-media-text__content\">\n<p><em>Dawid Jankowski received his Ph.D. in Physics in 2015 at the<\/em> <em>UG in Gda\u0144sk. His doctoral research focused on studying energy transfer between organic molecules in the presence of nonlocalized surface plasmons of noble metals. His passion is the construction of new measurement systems setups for optical laboratories, with a particular focus on steady-state and time-resolved emission spectroscopy.<\/em><\/p>\n\n\n\n<p class=\"ticss-6e1b1be3\"><em>Beyond his core specialization, he is deeply engaged in research on upconverting rare-earth ions under high-pressure spectroscopy, as well as nanocrystals and microcrystals with confocal fluorescent microscopy. His most recent work involves spectral measurements that enable precise temperature determination in the microscale. He combines cutting-edge experimental techniques with a passion for uncovering new insights in molecular and nanoscale interactions.<\/em><\/p>\n\n\n\n<div class=\"wp-block-buttons is-content-justification-center is-layout-flex wp-block-buttons-is-layout-flex\">\n<div class=\"wp-block-button\"><a class=\"wp-block-button__link\" href=\"https:\/\/scholar.google.com\/citations?user=k_9jBhgAAAAJ&amp;hl=pl\" target=\"_blank\" rel=\"noreferrer noopener\">Google scholar<\/a><\/div>\n<\/div>\n<\/div><\/div>\n\n\n\n<h4 class=\"wp-block-heading\">Selected publications:<\/h4>\n\n\n\n<ul class=\"wp-block-list\"><li>D. Jankowski, K. Wiwatowski, M. \u017bebrowski, A. Pilch-Wr\u00f3bel, A. Bednarkiewicz, S. Ma\u0107kowski, D. Pi\u0105tkowski<br>\u201cLuminescent Nanocrystal Probes for Monitoring Temperature and Thermal Energy Dissipation of Electrical Microcircuit\u201d<br><em>Nanomaterials<\/em>,\u00a0<strong>14<\/strong>, 24 (2024), 1985.<br>DOI:\u00a0<a rel=\"noreferrer noopener\" href=\"https:\/\/doi.org\/10.3390\/nano14241985\" target=\"_blank\">10.3390\/nano14241985<\/a><\/li><\/ul>\n","protected":false},"excerpt":{"rendered":"<p>Selected publications: D. Jankowski, K. Wiwatowski, M. \u017bebrowski, A. Pilch-Wr\u00f3bel, A. Bednarkiewicz, S. Ma\u0107kowski, D. Pi\u0105tkowski\u201cLuminescent Nanocrystal Probes for Monitoring Temperature and Thermal Energy Dissipation of Electrical Microcircuit\u201dNanomaterials,\u00a014, 24 (2024), 1985.DOI:\u00a010.3390\/nano14241985<\/p>\n","protected":false},"author":71,"featured_media":0,"parent":884,"menu_order":0,"comment_status":"closed","ping_status":"closed","template":"","meta":{"neve_meta_sidebar":"full-width","neve_meta_container":"","neve_meta_enable_content_width":"on","neve_meta_content_width":100,"neve_meta_title_alignment":"","neve_meta_author_avatar":"","neve_post_elements_order":"","neve_meta_disable_header":"","neve_meta_disable_footer":"","neve_meta_disable_title":"","_themeisle_gutenberg_block_has_review":false,"footnotes":""},"class_list":["post-2753","page","type-page","status-publish","hentry"],"_links":{"self":[{"href":"https:\/\/nanophotonics.fizyka.umk.pl\/index.php?rest_route=\/wp\/v2\/pages\/2753","targetHints":{"allow":["GET"]}}],"collection":[{"href":"https:\/\/nanophotonics.fizyka.umk.pl\/index.php?rest_route=\/wp\/v2\/pages"}],"about":[{"href":"https:\/\/nanophotonics.fizyka.umk.pl\/index.php?rest_route=\/wp\/v2\/types\/page"}],"author":[{"embeddable":true,"href":"https:\/\/nanophotonics.fizyka.umk.pl\/index.php?rest_route=\/wp\/v2\/users\/71"}],"replies":[{"embeddable":true,"href":"https:\/\/nanophotonics.fizyka.umk.pl\/index.php?rest_route=%2Fwp%2Fv2%2Fcomments&post=2753"}],"version-history":[{"count":4,"href":"https:\/\/nanophotonics.fizyka.umk.pl\/index.php?rest_route=\/wp\/v2\/pages\/2753\/revisions"}],"predecessor-version":[{"id":2784,"href":"https:\/\/nanophotonics.fizyka.umk.pl\/index.php?rest_route=\/wp\/v2\/pages\/2753\/revisions\/2784"}],"up":[{"embeddable":true,"href":"https:\/\/nanophotonics.fizyka.umk.pl\/index.php?rest_route=\/wp\/v2\/pages\/884"}],"wp:attachment":[{"href":"https:\/\/nanophotonics.fizyka.umk.pl\/index.php?rest_route=%2Fwp%2Fv2%2Fmedia&parent=2753"}],"curies":[{"name":"wp","href":"https:\/\/api.w.org\/{rel}","templated":true}]}}