{"id":2772,"date":"2025-01-20T08:56:23","date_gmt":"2025-01-20T07:56:23","guid":{"rendered":"https:\/\/nanophotonics.fizyka.umk.pl\/?page_id=2772"},"modified":"2025-02-18T13:29:19","modified_gmt":"2025-02-18T12:29:19","slug":"mgr-michal-zebrowski","status":"publish","type":"page","link":"https:\/\/nanophotonics.fizyka.umk.pl\/?page_id=2772","title":{"rendered":"mgr Micha\u0142 \u017bebrowski"},"content":{"rendered":"\n<div class=\"wp-block-media-text alignwide is-stacked-on-mobile is-image-fill\" style=\"grid-template-columns:17% auto\"><figure class=\"wp-block-media-text__media\" style=\"background-image:url(https:\/\/nanophotonics.fizyka.umk.pl\/wp-content\/uploads\/2024\/06\/20240611_113953-461x1024.jpg);background-position:50% 50%\"><img loading=\"lazy\" decoding=\"async\" width=\"461\" height=\"1024\" src=\"https:\/\/nanophotonics.fizyka.umk.pl\/wp-content\/uploads\/2024\/06\/20240611_113953-461x1024.jpg\" alt=\"Micha\u0142 \u017bebrowski\" class=\"wp-image-2036 size-full\" srcset=\"https:\/\/nanophotonics.fizyka.umk.pl\/wp-content\/uploads\/2024\/06\/20240611_113953-461x1024.jpg 461w, https:\/\/nanophotonics.fizyka.umk.pl\/wp-content\/uploads\/2024\/06\/20240611_113953-135x300.jpg 135w, https:\/\/nanophotonics.fizyka.umk.pl\/wp-content\/uploads\/2024\/06\/20240611_113953-768x1707.jpg 768w, https:\/\/nanophotonics.fizyka.umk.pl\/wp-content\/uploads\/2024\/06\/20240611_113953-691x1536.jpg 691w, https:\/\/nanophotonics.fizyka.umk.pl\/wp-content\/uploads\/2024\/06\/20240611_113953-922x2048.jpg 922w, https:\/\/nanophotonics.fizyka.umk.pl\/wp-content\/uploads\/2024\/06\/20240611_113953-scaled.jpg 1152w\" sizes=\"auto, (max-width: 461px) 100vw, 461px\" \/><\/figure><div class=\"wp-block-media-text__content\">\n<p><em>Micha\u0142 \u017bebrowski received his Master\u2019s degree in Physics at the NCU in Toru\u0144. Currently, he is working on his doctoral research. He deals with nanophotonics and plasmonics. <\/em><\/p>\n\n\n\n<p><em>His recent work focuses on a holistic view of upconverted and avalanche emissions from single nanocrystal doped with rare-earth ions. This includes experimental and numerical examination of the interplay between temperature, energy transfer and plasmonic enhancement and thei<\/em>r combined impact on the luminescence efficiency.<\/p>\n\n\n\n<div class=\"wp-block-buttons is-content-justification-center is-layout-flex wp-block-buttons-is-layout-flex\">\n<div class=\"wp-block-button ticss-82d1fe23\"><a class=\"wp-block-button__link\" href=\"https:\/\/scholar.google.com\/citations?user=ZHxRc_AAAAAJ&amp;hl=pl\" target=\"_blank\" rel=\"noreferrer noopener\">Google Scholar<\/a><\/div>\n<\/div>\n<\/div><\/div>\n\n\n\n<h4 class=\"wp-block-heading\">Selected publications:<\/h4>\n\n\n\n<ul class=\"wp-block-list\"><li>D. Jankowski, K. Wiwatowski, M. \u017bebrowski, A. Pilch-Wr\u00f3bel, A. Bednarkiewicz, S. Ma\u0107kowski, D. Pi\u0105tkowski<br>\u201cLuminescent Nanocrystal Probes for Monitoring Temperature and Thermal Energy Dissipation of Electrical Microcircuit\u201d<br><em>Nanomaterials<\/em>,\u00a0<strong>14<\/strong>, 24 (2024), 1985.<br>DOI:\u00a0<a rel=\"noreferrer noopener\" href=\"https:\/\/doi.org\/10.3390\/nano14241985\" target=\"_blank\">10.3390\/nano14241985<\/a><\/li><li>M. \u0106wierzona, K. Sulowska, M. A. Antoniak, M. \u017bebrowski, M. Nyk, S. Ma\u0107kowski, D. Pi\u0105tkowski<br>\u201cPrecise laser-cutting of single silver nanowires for direct measurement of SPPs propagation losses\u201d<br><em>Applied Physics Letters,\u00a0<\/em><strong>120<\/strong>\u00a0(2022), 261108.<br>DOI:\u00a0<a href=\"http:\/\/dx.doi.org\/10.1063\/5.0095100\">10.1063\/5.0095100<\/a><\/li><\/ul>\n","protected":false},"excerpt":{"rendered":"<p>Selected publications: D. Jankowski, K. Wiwatowski, M. \u017bebrowski, A. Pilch-Wr\u00f3bel, A. Bednarkiewicz, S. Ma\u0107kowski, D. Pi\u0105tkowski\u201cLuminescent Nanocrystal Probes for Monitoring Temperature and Thermal Energy Dissipation of Electrical Microcircuit\u201dNanomaterials,\u00a014, 24 (2024), 1985.DOI:\u00a010.3390\/nano14241985 M. \u0106wierzona, K. Sulowska, M. A. Antoniak, M. \u017bebrowski, M. Nyk, S. Ma\u0107kowski, D. Pi\u0105tkowski\u201cPrecise laser-cutting of single silver nanowires for direct measurement of&hellip;&nbsp;<a href=\"https:\/\/nanophotonics.fizyka.umk.pl\/?page_id=2772\" rel=\"bookmark\">Read More &raquo;<span class=\"screen-reader-text\">mgr Micha\u0142 \u017bebrowski<\/span><\/a><\/p>\n","protected":false},"author":71,"featured_media":0,"parent":0,"menu_order":0,"comment_status":"closed","ping_status":"closed","template":"","meta":{"neve_meta_sidebar":"full-width","neve_meta_container":"","neve_meta_enable_content_width":"on","neve_meta_content_width":100,"neve_meta_title_alignment":"","neve_meta_author_avatar":"","neve_post_elements_order":"","neve_meta_disable_header":"","neve_meta_disable_footer":"","neve_meta_disable_title":"","_themeisle_gutenberg_block_has_review":false,"footnotes":""},"class_list":["post-2772","page","type-page","status-publish","hentry"],"_links":{"self":[{"href":"https:\/\/nanophotonics.fizyka.umk.pl\/index.php?rest_route=\/wp\/v2\/pages\/2772","targetHints":{"allow":["GET"]}}],"collection":[{"href":"https:\/\/nanophotonics.fizyka.umk.pl\/index.php?rest_route=\/wp\/v2\/pages"}],"about":[{"href":"https:\/\/nanophotonics.fizyka.umk.pl\/index.php?rest_route=\/wp\/v2\/types\/page"}],"author":[{"embeddable":true,"href":"https:\/\/nanophotonics.fizyka.umk.pl\/index.php?rest_route=\/wp\/v2\/users\/71"}],"replies":[{"embeddable":true,"href":"https:\/\/nanophotonics.fizyka.umk.pl\/index.php?rest_route=%2Fwp%2Fv2%2Fcomments&post=2772"}],"version-history":[{"count":4,"href":"https:\/\/nanophotonics.fizyka.umk.pl\/index.php?rest_route=\/wp\/v2\/pages\/2772\/revisions"}],"predecessor-version":[{"id":2786,"href":"https:\/\/nanophotonics.fizyka.umk.pl\/index.php?rest_route=\/wp\/v2\/pages\/2772\/revisions\/2786"}],"wp:attachment":[{"href":"https:\/\/nanophotonics.fizyka.umk.pl\/index.php?rest_route=%2Fwp%2Fv2%2Fmedia&parent=2772"}],"curies":[{"name":"wp","href":"https:\/\/api.w.org\/{rel}","templated":true}]}}