{"id":2828,"date":"2025-06-10T11:31:05","date_gmt":"2025-06-10T09:31:05","guid":{"rendered":"https:\/\/nanophotonics.fizyka.umk.pl\/?page_id=2828"},"modified":"2025-06-10T11:31:07","modified_gmt":"2025-06-10T09:31:07","slug":"collaborators-2","status":"publish","type":"page","link":"https:\/\/nanophotonics.fizyka.umk.pl\/?page_id=2828&lang=en","title":{"rendered":"Collaborators"},"content":{"rendered":"\n<div class=\"wp-block-columns is-layout-flex wp-container-core-columns-is-layout-9d6595d7 wp-block-columns-is-layout-flex\">\n<div class=\"wp-block-column is-layout-flow wp-block-column-is-layout-flow\">\n<h2 class=\"wp-block-heading\">Poland<\/h2>\n\n\n\n<ul class=\"wp-block-list\">\n<li><a href=\"https:\/\/www.surfacenanogroup.com\/people\/joanna-niedziolka-jonsson\/\" data-type=\"URL\" data-id=\"https:\/\/www.surfacenanogroup.com\/people\/joanna-niedziolka-jonsson\/\">Joanna Niedzi\u00f3\u0142ka-J\u00f6nsson<\/a><br><em>Institute of Physical Chemistry PAS<\/em>, <em>Warsaw<\/em><\/li>\n\n\n\n<li><a href=\"https:\/\/wch.pwr.edu.pl\/pracownicy\/joanna-olesiak-banska\">Joanna Olesiak-Ba\u0144ska<\/a><br><em>Wroc\u0142aw University of Science and Technology<\/em><\/li>\n\n\n\n<li><a href=\"https:\/\/www.ifpan.edu.pl\/en\/institute\/address-book-submenu\/klopotowski-lukasz.html\">\u0141ukasz K\u0142opotowski<\/a><br><em>Institute of Physics PAS, Warsaw<\/em><\/li>\n\n\n\n<li><a href=\"https:\/\/wch.pwr.edu.pl\/pracownicy\/marcin-nyk\">Marcin Nyk<\/a><br><em>Wroc\u0142aw University of Science and Technology<\/em><\/li>\n\n\n\n<li><a href=\"https:\/\/lunasi.intibs.pl\/general-information\/lunasi-team-members.html?view=article&amp;id=1024:abednarkiewicz-full&amp;catid=114:team-pis\">Artur Bednarkiewicz<\/a><br><em>Institute of Low Temperatures and Structure Research PAS, Wroc\u0142aw<\/em><\/li>\n\n\n\n<li><a href=\"https:\/\/scholar.google.com\/citations?hl=en&amp;user=4ono85UAAAAJ\">Paulina P\u0142ochocka<\/a><br><em>Wroc\u0142aw University of Science and Technology<\/em><\/li>\n\n\n\n<li><a href=\"https:\/\/cent.uw.edu.pl\/en\/laboratories\/laboratorium-fotosyntezy-i-paliw-slonecznych\/#z1\">Joanna Kargul<\/a><br><em>Centre of New Technologies, University of Warsaw<\/em><\/li>\n\n\n\n<li><a href=\"https:\/\/cmpw-pan.edu.pl\/index.php?option=com_k2&amp;view=item&amp;layout=item&amp;id=1661&amp;Itemid=579&amp;lang=pl\">Ewa Schab-Balcerzak<\/a><br><em>Centre of Polymer and Carbon Materials<\/em> <em>PAS, Zabrze <\/em><\/li>\n\n\n\n<li><a href=\"https:\/\/fotokataliza.pl\/wojciech-macyk\/\">Wojciech Macyk<\/a><br><em>Jagiellonian University, Cracow<\/em><\/li>\n\n\n\n<li><a href=\"https:\/\/profile.chem.uni.wroc.pl\/api\/en\/profile\/1742?_locale=pl\">Marta Gordel-W\u00f3jcik<\/a><br><em>University of Wroc\u0142aw<\/em><\/li>\n<\/ul>\n<\/div>\n\n\n\n<div class=\"wp-block-column is-layout-flow wp-block-column-is-layout-flow\">\n<h2 class=\"wp-block-heading\">Other countries<\/h2>\n\n\n\n<p><strong>GERMANY<\/strong><\/p>\n\n\n\n<ul class=\"wp-block-list\">\n<li><a href=\"https:\/\/physchem.cup.uni-muenchen.de\/hartschuh\/\">Achim Hartschuh<\/a><br><em>Ludwig-Maximilians-Universit\u00e4t M\u00fcnchen<\/em><\/li>\n<\/ul>\n\n\n\n<p><\/p>\n\n\n\n<p id=\"USA\"><strong>FRANCE<\/strong><\/p>\n\n\n\n<ul id=\"block-4ea275af-ba1f-4b5b-99ea-85cd329ca75c\" class=\"wp-block-list\">\n<li><a href=\"https:\/\/icb.u-bourgogne.fr\/equipe\/alexandre-bouhelier\/\">Alexandre Bouhelier<\/a><br><em>Carnot Interdisciplinary Laboratory of Burgundy<\/em><\/li>\n<\/ul>\n\n\n\n<p><\/p>\n<\/div>\n<\/div>\n\n\n\n<p><\/p>\n","protected":false},"excerpt":{"rendered":"<p>Poland Other countries GERMANY FRANCE<\/p>\n","protected":false},"author":71,"featured_media":0,"parent":0,"menu_order":0,"comment_status":"closed","ping_status":"closed","template":"","meta":{"neve_meta_sidebar":"full-width","neve_meta_container":"","neve_meta_enable_content_width":"on","neve_meta_content_width":100,"neve_meta_title_alignment":"","neve_meta_author_avatar":"","neve_post_elements_order":"","neve_meta_disable_header":"","neve_meta_disable_footer":"","neve_meta_disable_title":"","_themeisle_gutenberg_block_has_review":false,"footnotes":""},"class_list":["post-2828","page","type-page","status-publish","hentry"],"_links":{"self":[{"href":"https:\/\/nanophotonics.fizyka.umk.pl\/index.php?rest_route=\/wp\/v2\/pages\/2828","targetHints":{"allow":["GET"]}}],"collection":[{"href":"https:\/\/nanophotonics.fizyka.umk.pl\/index.php?rest_route=\/wp\/v2\/pages"}],"about":[{"href":"https:\/\/nanophotonics.fizyka.umk.pl\/index.php?rest_route=\/wp\/v2\/types\/page"}],"author":[{"embeddable":true,"href":"https:\/\/nanophotonics.fizyka.umk.pl\/index.php?rest_route=\/wp\/v2\/users\/71"}],"replies":[{"embeddable":true,"href":"https:\/\/nanophotonics.fizyka.umk.pl\/index.php?rest_route=%2Fwp%2Fv2%2Fcomments&post=2828"}],"version-history":[{"count":1,"href":"https:\/\/nanophotonics.fizyka.umk.pl\/index.php?rest_route=\/wp\/v2\/pages\/2828\/revisions"}],"predecessor-version":[{"id":2831,"href":"https:\/\/nanophotonics.fizyka.umk.pl\/index.php?rest_route=\/wp\/v2\/pages\/2828\/revisions\/2831"}],"wp:attachment":[{"href":"https:\/\/nanophotonics.fizyka.umk.pl\/index.php?rest_route=%2Fwp%2Fv2%2Fmedia&parent=2828"}],"curies":[{"name":"wp","href":"https:\/\/api.w.org\/{rel}","templated":true}]}}