{"id":2890,"date":"2025-06-16T13:45:43","date_gmt":"2025-06-16T11:45:43","guid":{"rendered":"https:\/\/nanophotonics.fizyka.umk.pl\/?page_id=2890"},"modified":"2025-06-16T13:45:44","modified_gmt":"2025-06-16T11:45:44","slug":"optical-microscopy-and-spectroscopy","status":"publish","type":"page","link":"https:\/\/nanophotonics.fizyka.umk.pl\/?page_id=2890&lang=en","title":{"rendered":"Optical microscopy and spectroscopy"},"content":{"rendered":"\n<div class=\"wp-block-media-text alignwide is-stacked-on-mobile\" style=\"grid-template-columns:23% auto\"><figure class=\"wp-block-media-text__media\"><img loading=\"lazy\" decoding=\"async\" width=\"1024\" height=\"1024\" src=\"https:\/\/nanophotonics.fizyka.umk.pl\/wp-content\/uploads\/2024\/09\/Designer-8.jpeg\" alt=\"Spectroscopy\" class=\"wp-image-2606 size-full\" srcset=\"https:\/\/nanophotonics.fizyka.umk.pl\/wp-content\/uploads\/2024\/09\/Designer-8.jpeg 1024w, https:\/\/nanophotonics.fizyka.umk.pl\/wp-content\/uploads\/2024\/09\/Designer-8-300x300.jpeg 300w, https:\/\/nanophotonics.fizyka.umk.pl\/wp-content\/uploads\/2024\/09\/Designer-8-150x150.jpeg 150w, https:\/\/nanophotonics.fizyka.umk.pl\/wp-content\/uploads\/2024\/09\/Designer-8-768x768.jpeg 768w\" sizes=\"auto, (max-width: 1024px) 100vw, 1024px\" \/><\/figure><div class=\"wp-block-media-text__content\">\n<p>Our group is specialized in various aspects of optical microscopy and spectroscopy techniques. It covers both construction of specialized unique multi-functional optical instruments, as well as their utilization to study optical properties and interaction taking place in nanoscale. <\/p>\n\n\n\n<p>In our labs several home-built microscopic setups is running, specialized towards different techniques, operating in UV-Vis-NIR spectral ranges, includind also ns-ms range time-resolved experiments and single molecule studies. We develop our customized solutions dedicated to nanoscale experiments, including plasmonics, energy transfers, nano heating, sensorics, photonics and super-resolution imaging techniques.  <\/p>\n<\/div><\/div>\n\n\n<style type=\"text\/css\">.otter-masonry .blocks-gallery-grid .blocks-gallery-item img{ width:100% }<\/style><div class=\"otter-masonry\" data-margin=\"10\">\n<figure class=\"wp-block-gallery has-nested-images columns-default is-cropped wp-block-gallery-1 is-layout-flex wp-block-gallery-is-layout-flex\">\n<figure class=\"wp-block-image size-large\"><img loading=\"lazy\" decoding=\"async\" width=\"1024\" height=\"461\" data-id=\"2794\" src=\"https:\/\/nanophotonics.fizyka.umk.pl\/wp-content\/uploads\/2025\/02\/20250214_093810-1024x461.jpg\" alt=\"\" class=\"wp-image-2794\" srcset=\"https:\/\/nanophotonics.fizyka.umk.pl\/wp-content\/uploads\/2025\/02\/20250214_093810-1024x461.jpg 1024w, https:\/\/nanophotonics.fizyka.umk.pl\/wp-content\/uploads\/2025\/02\/20250214_093810-300x135.jpg 300w, https:\/\/nanophotonics.fizyka.umk.pl\/wp-content\/uploads\/2025\/02\/20250214_093810-768x346.jpg 768w, https:\/\/nanophotonics.fizyka.umk.pl\/wp-content\/uploads\/2025\/02\/20250214_093810-1536x691.jpg 1536w, https:\/\/nanophotonics.fizyka.umk.pl\/wp-content\/uploads\/2025\/02\/20250214_093810-2048x922.jpg 2048w\" sizes=\"auto, (max-width: 1024px) 100vw, 1024px\" \/><\/figure>\n\n\n\n<figure class=\"wp-block-image size-large\"><img loading=\"lazy\" decoding=\"async\" width=\"1024\" height=\"461\" data-id=\"2792\" src=\"https:\/\/nanophotonics.fizyka.umk.pl\/wp-content\/uploads\/2025\/02\/20250212_141002-1024x461.jpg\" alt=\"\" class=\"wp-image-2792\" srcset=\"https:\/\/nanophotonics.fizyka.umk.pl\/wp-content\/uploads\/2025\/02\/20250212_141002-1024x461.jpg 1024w, https:\/\/nanophotonics.fizyka.umk.pl\/wp-content\/uploads\/2025\/02\/20250212_141002-300x135.jpg 300w, https:\/\/nanophotonics.fizyka.umk.pl\/wp-content\/uploads\/2025\/02\/20250212_141002-768x346.jpg 768w, https:\/\/nanophotonics.fizyka.umk.pl\/wp-content\/uploads\/2025\/02\/20250212_141002-1536x691.jpg 1536w, https:\/\/nanophotonics.fizyka.umk.pl\/wp-content\/uploads\/2025\/02\/20250212_141002-2048x922.jpg 2048w\" sizes=\"auto, (max-width: 1024px) 100vw, 1024px\" \/><\/figure>\n\n\n\n<figure class=\"wp-block-image size-large\"><img loading=\"lazy\" decoding=\"async\" width=\"1024\" height=\"461\" data-id=\"2791\" src=\"https:\/\/nanophotonics.fizyka.umk.pl\/wp-content\/uploads\/2025\/02\/20250212_112359-1-1-1024x461.jpg\" alt=\"\" class=\"wp-image-2791\" srcset=\"https:\/\/nanophotonics.fizyka.umk.pl\/wp-content\/uploads\/2025\/02\/20250212_112359-1-1-1024x461.jpg 1024w, https:\/\/nanophotonics.fizyka.umk.pl\/wp-content\/uploads\/2025\/02\/20250212_112359-1-1-300x135.jpg 300w, https:\/\/nanophotonics.fizyka.umk.pl\/wp-content\/uploads\/2025\/02\/20250212_112359-1-1-768x346.jpg 768w, https:\/\/nanophotonics.fizyka.umk.pl\/wp-content\/uploads\/2025\/02\/20250212_112359-1-1-1536x691.jpg 1536w, https:\/\/nanophotonics.fizyka.umk.pl\/wp-content\/uploads\/2025\/02\/20250212_112359-1-1-2048x922.jpg 2048w\" sizes=\"auto, (max-width: 1024px) 100vw, 1024px\" \/><\/figure>\n<\/figure>\n<\/div>\n\n\n<p><strong>Related papers:<\/strong><\/p>\n\n\n\n<p>M. Bia\u0142y, M. Jankowska, K. Sulowska, M. Szalkowski, J. Niedzi\u00f3\u0142ka-Jonsson, S. Ma\u0107kowski<br>\u201cControlled encapsulation of colloidal semiconductor quantum dots in a microdroplet\u201d<br><em>Physical Chemistry Chemical Physics<\/em>,&nbsp;<strong>27<\/strong>, 1 (2025), 346-354.<br>DOI:&nbsp;<a rel=\"noreferrer noopener\" target=\"_blank\" href=\"https:\/\/doi.org\/10.1039\/D4CP03419H\">10.1039\/D4CP03419H<\/a><\/p>\n\n\n\n<p>A. Jakimi\u0144ska, K. Sulowska, M. Bia\u0142y, M. Jankowska, K. Wiwatowski, W. Macyk, S. Ma\u0107kowski, J. Niedzi\u00f3\u0142ka-J\u00f6nsson<br>\u201cRemote Photocatalysis\u2500The Photocatalytic Activity of TiO<sub>2<\/sub>&nbsp;Excited Via Surface Plasmon Polariton Propagation in a Single Silver Nanowire\u201d<br><em>The Journal of Physical Chemistry C<\/em>,&nbsp;<strong>128<\/strong>, 50 (2024), 21343-21348.<br>DOI:&nbsp;<a href=\"https:\/\/doi.org\/10.1021\/acs.jpcc.4c04907\">10.1021\/acs.jpcc.4c04907<\/a><\/p>\n\n\n\n<p>K. Wiwatowski, K. Sulowska, S. Ma\u0107kowski<br>\u201cSingle-Molecule Fluorescence Probes Interactions between Photoactive Protein\u2014Silver Nanowire Conjugate and Monolayer Graphene\u201d<br><em>Internationaj Journal of Molecular Sciences<\/em>,&nbsp;<strong>25<\/strong>, 9 (2024), 4843.<br>DOI:&nbsp;<a href=\"https:\/\/doi.org\/10.3390\/ijms25094873\">10.3390\/ijms25094873<\/a><\/p>\n\n\n\n<p>K. Sulowska, E. Ro\u017aniecka, J. Niedzi\u00f3\u0142ka-J\u00f6nsson, S. Ma\u0107kowski<br>\u201cAligned silver nanowires for plasmonically-enhanced fluorescence detection of photoactive proteins in wet and dry environment\u201d<br><em>Spectrochimica Acta Part A: Molecular and Biomolecular Spectroscopy<\/em>,&nbsp;<strong>289&nbsp;<\/strong>(2023), 122225.<br>DOI:&nbsp;<a href=\"http:\/\/dx.doi.org\/10.1016\/j.saa.2022.122225\">10.1016\/j.saa.2022.122225<\/a><\/p>\n\n\n\n<p>M. Szalkowski, A. Surrente, K. Wiwatowski, Z. Yang, N. Zhang, J. D. Janna Olmos, J. Kargul, P. P\u0142ochocka, S. Ma\u0107kowski<br>\u201cSpectral dependence of the energy transfer from photosynthetic complexes to monolayer graphene\u201d<br><em>International Journal of Molecular Sciences<\/em>&nbsp;<strong>23<\/strong>&nbsp;(2022), 3494.<br>DOI:&nbsp;<a href=\"http:\/\/dx.doi.org\/10.3390\/ijms23073493\">DOI:10.3390\/ijms23073493<\/a><\/p>\n\n\n\n<p>M. Szalkowski, D. Kowalska, J. D. Janna Olmos, J. Kargul, S. Ma\u0107kowski<br>\u201cImproving photostability of photosystem I-based nanodevice by plasmonic interactions with planar silver nanostructures\u201d<br><em>International Journal of Molecular Sciences<\/em>,&nbsp;<strong>23<\/strong>&nbsp;(2022), 2976.<br>DOI:&nbsp;<a href=\"http:\/\/dx.doi.org\/10.3390\/ijms23062976\">10.3390\/ijms23062976<\/a><\/p>\n\n\n\n<p>M. Jankowska, K. Sulowska, K. Wiwatowski, J. Niedzi\u00f3\u0142ka-J\u00f6nsson, S. Ma\u0107kowski<br>\u201cReal-time fluorescence imaging of His-tag-driven conjugation of mCherry proteins to silver nanowires\u201d<br><em>Chemosensors<\/em>,&nbsp;<strong>10<\/strong>&nbsp;(2022), 149.<br>DOI:&nbsp;<a href=\"http:\/\/dx.doi.org\/10.3390\/chemosensors10040149\">10.3390\/chemosensors10040149<\/a><\/p>\n","protected":false},"excerpt":{"rendered":"<p>Our group is specialized in various aspects of optical microscopy and spectroscopy techniques. It covers both construction of specialized unique multi-functional optical instruments, as well as their utilization to study optical properties and interaction taking place in nanoscale. In our labs several home-built microscopic setups is running, specialized towards different techniques, operating in UV-Vis-NIR spectral&hellip;&nbsp;<a href=\"https:\/\/nanophotonics.fizyka.umk.pl\/?page_id=2890&#038;lang=en\" rel=\"bookmark\">Read More &raquo;<span class=\"screen-reader-text\">Optical microscopy and spectroscopy<\/span><\/a><\/p>\n","protected":false},"author":71,"featured_media":0,"parent":0,"menu_order":1,"comment_status":"closed","ping_status":"closed","template":"","meta":{"neve_meta_sidebar":"full-width","neve_meta_container":"","neve_meta_enable_content_width":"on","neve_meta_content_width":100,"neve_meta_title_alignment":"","neve_meta_author_avatar":"","neve_post_elements_order":"","neve_meta_disable_header":"","neve_meta_disable_footer":"","neve_meta_disable_title":"","_themeisle_gutenberg_block_has_review":false,"footnotes":""},"class_list":["post-2890","page","type-page","status-publish","hentry"],"_links":{"self":[{"href":"https:\/\/nanophotonics.fizyka.umk.pl\/index.php?rest_route=\/wp\/v2\/pages\/2890","targetHints":{"allow":["GET"]}}],"collection":[{"href":"https:\/\/nanophotonics.fizyka.umk.pl\/index.php?rest_route=\/wp\/v2\/pages"}],"about":[{"href":"https:\/\/nanophotonics.fizyka.umk.pl\/index.php?rest_route=\/wp\/v2\/types\/page"}],"author":[{"embeddable":true,"href":"https:\/\/nanophotonics.fizyka.umk.pl\/index.php?rest_route=\/wp\/v2\/users\/71"}],"replies":[{"embeddable":true,"href":"https:\/\/nanophotonics.fizyka.umk.pl\/index.php?rest_route=%2Fwp%2Fv2%2Fcomments&post=2890"}],"version-history":[{"count":1,"href":"https:\/\/nanophotonics.fizyka.umk.pl\/index.php?rest_route=\/wp\/v2\/pages\/2890\/revisions"}],"predecessor-version":[{"id":2891,"href":"https:\/\/nanophotonics.fizyka.umk.pl\/index.php?rest_route=\/wp\/v2\/pages\/2890\/revisions\/2891"}],"wp:attachment":[{"href":"https:\/\/nanophotonics.fizyka.umk.pl\/index.php?rest_route=%2Fwp%2Fv2%2Fmedia&parent=2890"}],"curies":[{"name":"wp","href":"https:\/\/api.w.org\/{rel}","templated":true}]}}