{"id":2899,"date":"2025-06-16T15:35:55","date_gmt":"2025-06-16T13:35:55","guid":{"rendered":"https:\/\/nanophotonics.fizyka.umk.pl\/?page_id=2899"},"modified":"2025-06-16T15:35:57","modified_gmt":"2025-06-16T13:35:57","slug":"upconversion-in-lanthanide-doped-nanocrystals","status":"publish","type":"page","link":"https:\/\/nanophotonics.fizyka.umk.pl\/?page_id=2899&lang=en","title":{"rendered":"Upconversion in lanthanide doped nanocrystals"},"content":{"rendered":"\n<div class=\"wp-block-columns alignwide are-vertically-aligned-center is-layout-flex wp-container-core-columns-is-layout-9d6595d7 wp-block-columns-is-layout-flex\">\n<div class=\"wp-block-column is-vertically-aligned-center is-layout-flow wp-block-column-is-layout-flow\" style=\"flex-basis:50%\">\n<figure class=\"wp-block-image size-full is-resized\"><img loading=\"lazy\" decoding=\"async\" width=\"1024\" height=\"1024\" src=\"https:\/\/nanophotonics.fizyka.umk.pl\/wp-content\/uploads\/2024\/09\/Designer-1.jpeg\" alt=\"UCNC\" class=\"wp-image-2491\" style=\"width:519px;height:519px\" srcset=\"https:\/\/nanophotonics.fizyka.umk.pl\/wp-content\/uploads\/2024\/09\/Designer-1.jpeg 1024w, https:\/\/nanophotonics.fizyka.umk.pl\/wp-content\/uploads\/2024\/09\/Designer-1-300x300.jpeg 300w, https:\/\/nanophotonics.fizyka.umk.pl\/wp-content\/uploads\/2024\/09\/Designer-1-150x150.jpeg 150w, https:\/\/nanophotonics.fizyka.umk.pl\/wp-content\/uploads\/2024\/09\/Designer-1-768x768.jpeg 768w\" sizes=\"auto, (max-width: 1024px) 100vw, 1024px\" \/><\/figure>\n<\/div>\n\n\n\n<div class=\"wp-block-column is-layout-flow wp-block-column-is-layout-flow\" style=\"flex-basis:50%\">\n<p>Inorganic nanocrystals doped with lanthanides trivalent ions feature numerous unique properties, in particular nearly perfect photostability, narrow absorption and emission bands, presence of multiple long-liging energy levels, etc. It causes that anti-Stokes luminescence (up-conversion) can be observed for these materials &#8211; it means that energy of two or more photons is combined and emitted as one photon of higher energy. All this establish them as key materials in novadays applications of nanophotonics.<\/p>\n\n\n\n<p>In our lab we study optical properties of single upconverting nanocrystals. Our main fields of interests are their interactions with plasmonically avtive materials, their thermal properties, as well as their potential for optical communication and computing.<\/p>\n<\/div>\n<\/div>\n\n\n\n<p><strong>Related papers:<\/strong><\/p>\n\n\n\n<p>M. Szalkowski, A. Kotulska, M. Dudek, Z. Korczak, M. Majak, \u0141. Marciniak, M. Misiak, K. Prorok, A. Skripka, P. J. Schuck, E. M. Chan, A. Bednarkiewicz<br>\u201cAdvances in the photon avalanche luminescence of inorganic lanthanide-doped nanomaterials\u201d<br><em>Chemical Society Reviews<\/em>,&nbsp;<strong>54<\/strong>&nbsp;(2025), 983-1026.<br>DOI:&nbsp;<a rel=\"noreferrer noopener\" target=\"_blank\" href=\"https:\/\/doi.org\/10.1039\/D4CS00177J\">10.1039\/D4CS00177J<\/a><\/p>\n\n\n\n<p>D. Jankowski, K. Wiwatowski, M. \u017bebrowski, A. Pilch-Wr\u00f3bel, A. Bednarkiewicz, S. Ma\u0107kowski, D. Pi\u0105tkowski<br>\u201cLuminescent Nanocrystal Probes for Monitoring Temperature and Thermal Energy Dissipation of Electrical Microcircuit\u201d<br><em>Nanomaterials<\/em>,&nbsp;<strong>14<\/strong>, 24 (2024), 1985.<br>DOI:&nbsp;<a rel=\"noreferrer noopener\" href=\"https:\/\/doi.org\/10.3390\/nano14241985\" target=\"_blank\">10.3390\/nano14241985<\/a><\/p>\n\n\n\n<p>K. Wiwatowski, K. Sulowska, R. Houssaini, A. Pilch-Wr\u00f3bel, A. Bednarkiewicz, A. Hartschuh, S. Ma\u0107kowski, D. Pi\u0105tkowski<br>&#8220;Single up-conversion nanocrystal as a local temperature probe of electrically heated silver nanowire&#8221;<br><em>Nanoscale<\/em>, <strong>15<\/strong> (2023), 10614-10622.<br>DOI: <a href=\"http:\/\/dx.doi.org\/10.1039\/d3nr01461d\">10.1039\/d3nr01461d<\/a> <\/p>\n\n\n\n<p><em> <\/em>A. Bednarkiewicz, M. Szalkowski, M. Majak, Z. Korczak, M. Misiak, S. Ma\u0107kowski<br>&#8220;All\u2010optical data processing with photon\u2010avalanching nanocrystalline photonic synapse&#8221;<em><br><em>Advanced Materials<\/em>, <strong>35<\/strong> (2023), 2304390.<br><\/em>DOI: <a href=\"http:\/\/dx.doi.org\/10.1002\/adma.202304390\">10.1002\/adma.202304390<\/a> <\/p>\n\n\n\n<p> M. Dudek, M. Szalkowski, M. Misiak, M. \u0106wierzona, A. Skripka, Z. Korczak, D. Pi\u0105tkowski, P. Wo\u017aniak, R. Lisiecki, P. Goldner, S. Ma\u0107kowski, E. M. Chan, P. J. Schuck, A. Bednarkiewicz<br>&#8220;Size\u2010dependent photon avalanching in Tm<sup>3+<\/sup> doped LiYF<sub>4<\/sub> nano, micro, and bulk crystals&#8221;<br><em>Advanced Optical Materials<\/em>, <strong>10<\/strong> (2022), 2201052.<br>DOI: <a href=\"http:\/\/dx.doi.org\/10.1002\/adom.202201052\">10.1002\/adom.202201052<\/a> <\/p>\n\n\n\n<p> A. Prymaczek, M. \u0106wierzona, Magda A. Antoniak, Marcin Nyk, S. Ma\u0107kowski, D. Pi\u0105tkowski<br>&#8220;Silver nanowires as plasmonic compensators of luminescence quenching in single up-converting nanocrystals deposited on graphene&#8221; <br><em>Sci. Rep.<\/em>&nbsp;<strong>11<\/strong>&nbsp;(2021), 3557<br>DOI:&nbsp;<a rel=\"noreferrer noopener\" href=\"http:\/\/dx.doi.org\/10.1038\/s41598-021-82699-y\" target=\"_blank\">10.1038\/s41598-021-82699-y<\/a> <\/p>\n\n\n\n<p><\/p>\n","protected":false},"excerpt":{"rendered":"<p>Inorganic nanocrystals doped with lanthanides trivalent ions feature numerous unique properties, in particular nearly perfect photostability, narrow absorption and emission bands, presence of multiple long-liging energy levels, etc. It causes that anti-Stokes luminescence (up-conversion) can be observed for these materials &#8211; it means that energy of two or more photons is combined and emitted as&hellip;&nbsp;<a href=\"https:\/\/nanophotonics.fizyka.umk.pl\/?page_id=2899&#038;lang=en\" rel=\"bookmark\">Read More &raquo;<span class=\"screen-reader-text\">Upconversion in lanthanide doped nanocrystals<\/span><\/a><\/p>\n","protected":false},"author":71,"featured_media":0,"parent":0,"menu_order":3,"comment_status":"closed","ping_status":"closed","template":"","meta":{"neve_meta_sidebar":"full-width","neve_meta_container":"","neve_meta_enable_content_width":"on","neve_meta_content_width":100,"neve_meta_title_alignment":"","neve_meta_author_avatar":"","neve_post_elements_order":"","neve_meta_disable_header":"","neve_meta_disable_footer":"","neve_meta_disable_title":"","_themeisle_gutenberg_block_has_review":false,"footnotes":""},"class_list":["post-2899","page","type-page","status-publish","hentry"],"_links":{"self":[{"href":"https:\/\/nanophotonics.fizyka.umk.pl\/index.php?rest_route=\/wp\/v2\/pages\/2899","targetHints":{"allow":["GET"]}}],"collection":[{"href":"https:\/\/nanophotonics.fizyka.umk.pl\/index.php?rest_route=\/wp\/v2\/pages"}],"about":[{"href":"https:\/\/nanophotonics.fizyka.umk.pl\/index.php?rest_route=\/wp\/v2\/types\/page"}],"author":[{"embeddable":true,"href":"https:\/\/nanophotonics.fizyka.umk.pl\/index.php?rest_route=\/wp\/v2\/users\/71"}],"replies":[{"embeddable":true,"href":"https:\/\/nanophotonics.fizyka.umk.pl\/index.php?rest_route=%2Fwp%2Fv2%2Fcomments&post=2899"}],"version-history":[{"count":1,"href":"https:\/\/nanophotonics.fizyka.umk.pl\/index.php?rest_route=\/wp\/v2\/pages\/2899\/revisions"}],"predecessor-version":[{"id":2901,"href":"https:\/\/nanophotonics.fizyka.umk.pl\/index.php?rest_route=\/wp\/v2\/pages\/2899\/revisions\/2901"}],"wp:attachment":[{"href":"https:\/\/nanophotonics.fizyka.umk.pl\/index.php?rest_route=%2Fwp%2Fv2%2Fmedia&parent=2899"}],"curies":[{"name":"wp","href":"https:\/\/api.w.org\/{rel}","templated":true}]}}