{"id":2925,"date":"2025-06-17T14:50:22","date_gmt":"2025-06-17T12:50:22","guid":{"rendered":"https:\/\/nanophotonics.fizyka.umk.pl\/?page_id=2925"},"modified":"2025-06-17T14:51:57","modified_gmt":"2025-06-17T12:51:57","slug":"funding-2","status":"publish","type":"page","link":"https:\/\/nanophotonics.fizyka.umk.pl\/?page_id=2925&lang=en","title":{"rendered":"Funding"},"content":{"rendered":"\n<h2 class=\"wp-block-heading has-text-align-center\">Funding<\/h2>\n\n\n\n<h3 class=\"wp-block-heading has-text-align-center\">2025<\/h3>\n\n\n\n<h4 class=\"wp-block-heading\"><strong>Grants:<\/strong><\/h4>\n\n\n\n<p><strong>Project Manager:<\/strong> dr in\u017c. Marcin Szalkowski<\/p>\n\n\n\n<ul class=\"wp-block-list\">\n<li><strong>Title:<\/strong>&nbsp;Plazmonowo wzmocniona emisja lawinowa w nanomateria\u0142ach domieszkowanych lantanowcami dla obrazowania superrozdzielczego i w pe\u0142ni optycznego przetwarzania sygna\u0142\u00f3w&nbsp;<em>(SONATA)<\/em><br><strong>Funding:<\/strong>&nbsp;Grant NCN<\/li>\n<\/ul>\n\n\n\n<h3 class=\"wp-block-heading has-text-align-center\">2023<\/h3>\n\n\n\n<h4 class=\"wp-block-heading\">Grants:<\/h4>\n\n\n\n<p><strong>Project Manager:<\/strong>\u00a0prof. dr hab. Sebastian Ma\u0107kowski <\/p>\n\n\n\n<ul class=\"wp-block-list\">\n<li><strong>Title:<\/strong>&nbsp;Optyczna detekcja i kontrola przep\u0142ywu ciep\u0142a w nanoskali&nbsp;<em>(Beethoven Classic)<\/em><br><strong>Funding:<\/strong>&nbsp;Grant NCN<br><strong>Project No.:<\/strong>&nbsp;4379<\/li>\n<\/ul>\n\n\n\n<h3 class=\"wp-block-heading has-text-align-center\">2022<\/h3>\n\n\n\n<h4 class=\"wp-block-heading\">Grants:<\/h4>\n\n\n\n<p><strong>Project Manager:<\/strong>\u00a0dr hab. Dawid Pi\u0105tkowski <\/p>\n\n\n\n<ul class=\"wp-block-list\">\n<li><strong>Title:<\/strong>&nbsp;Aktywne optycznie sieci plazmonowe: transport energii w nanoskali&nbsp;<em>(Sonata Bis 7)<\/em><br><strong>Funding:<\/strong>&nbsp;Grant NCN<br><strong>Project No.:<\/strong>&nbsp;4259-F<\/li>\n<\/ul>\n\n\n\n<p><strong>Project Manager:<\/strong>\u00a0prof. dr hab. Sebastian Ma\u0107kowski <\/p>\n\n\n\n<ul class=\"wp-block-list\">\n<li><strong>Title:<\/strong>&nbsp;Optyczna detekcja i kontrola przep\u0142ywu ciep\u0142a w nanoskali&nbsp;<em>(Beethoven Classic)<\/em><br><strong>Funding:<\/strong>&nbsp;Grant NCN<br><strong>Project No.:<\/strong>&nbsp;4379<\/li>\n<\/ul>\n\n\n\n<h3 class=\"wp-block-heading has-text-align-center\">2021<\/h3>\n\n\n\n<h4 class=\"wp-block-heading\" id=\"tw-target-text\">Grants:<\/h4>\n\n\n\n<p><strong>Peoject Manager:<\/strong>\u00a0prof. dr hab. Sebastian Ma\u0107kowski<\/p>\n\n\n\n<ul class=\"wp-block-list\">\n<li><strong>Title:<\/strong>&nbsp;Optyczna detekcja i kontrola przep\u0142ywu ciep\u0142a w nanoskali&nbsp;<em>(Beethoven Classic)<\/em><br><strong>Funding:<\/strong>&nbsp;Grant NCN<br><strong>Project No.:<\/strong>&nbsp;4379<\/li>\n<\/ul>\n\n\n\n<h3 class=\"wp-block-heading has-text-align-center\">2020<\/h3>\n\n\n\n<h4 class=\"wp-block-heading\" id=\"tw-target-text\">Grants:<\/h4>\n\n\n\n<p><strong>Project Manager:<\/strong>\u00a0prof. dr hab. Sebastian Ma\u0107kowski <\/p>\n\n\n\n<ul class=\"wp-block-list\">\n<li><strong>Title:<\/strong>&nbsp;Zdalne kontrolowanie \u015bwiat\u0142em aktywno\u015bci barwnik\u00f3w, bia\u0142ek i katalizator\u00f3w: obrazowanie, sensoryka i konwersja energii&nbsp;<em>(Opus 14)<\/em><br><strong>Funding:<\/strong>&nbsp;Grant NCN<br><strong>Project No.:<\/strong>&nbsp;4279-F<\/li>\n<\/ul>\n\n\n\n<ul class=\"wp-block-list\">\n<li><strong>Title:<\/strong>&nbsp;Przestrzenna organizacja nanodrut\u00f3w metalicznych dla zaawansowanej fotoniki&nbsp;<em>(Opus 12)<\/em><br><strong>Funding:<\/strong>&nbsp;Grant NCN<br><strong>Project No.:<\/strong>&nbsp;4175-F<\/li>\n\n\n\n<li><strong>Title<\/strong>&nbsp;Optyczna detekcja i kontrola przep\u0142ywu ciep\u0142a w nanoskali&nbsp;<em>(Beethoven Classic)<\/em><br><strong>Funding:<\/strong>&nbsp;Grant NCN<br><strong>Project No.:<\/strong>&nbsp;4379<\/li>\n<\/ul>\n","protected":false},"excerpt":{"rendered":"<p>Funding 2025 Grants: Project Manager: dr in\u017c. Marcin Szalkowski 2023 Grants: Project Manager:\u00a0prof. dr hab. Sebastian Ma\u0107kowski 2022 Grants: Project Manager:\u00a0dr hab. Dawid Pi\u0105tkowski Project Manager:\u00a0prof. dr hab. Sebastian Ma\u0107kowski 2021 Grants: Peoject Manager:\u00a0prof. dr hab. Sebastian Ma\u0107kowski 2020 Grants: Project Manager:\u00a0prof. dr hab. Sebastian Ma\u0107kowski<\/p>\n","protected":false},"author":71,"featured_media":0,"parent":0,"menu_order":0,"comment_status":"closed","ping_status":"closed","template":"","meta":{"neve_meta_sidebar":"full-width","neve_meta_container":"","neve_meta_enable_content_width":"on","neve_meta_content_width":100,"neve_meta_title_alignment":"","neve_meta_author_avatar":"","neve_post_elements_order":"","neve_meta_disable_header":"","neve_meta_disable_footer":"","neve_meta_disable_title":"on","_themeisle_gutenberg_block_has_review":false,"footnotes":""},"class_list":["post-2925","page","type-page","status-publish","hentry"],"_links":{"self":[{"href":"https:\/\/nanophotonics.fizyka.umk.pl\/index.php?rest_route=\/wp\/v2\/pages\/2925","targetHints":{"allow":["GET"]}}],"collection":[{"href":"https:\/\/nanophotonics.fizyka.umk.pl\/index.php?rest_route=\/wp\/v2\/pages"}],"about":[{"href":"https:\/\/nanophotonics.fizyka.umk.pl\/index.php?rest_route=\/wp\/v2\/types\/page"}],"author":[{"embeddable":true,"href":"https:\/\/nanophotonics.fizyka.umk.pl\/index.php?rest_route=\/wp\/v2\/users\/71"}],"replies":[{"embeddable":true,"href":"https:\/\/nanophotonics.fizyka.umk.pl\/index.php?rest_route=%2Fwp%2Fv2%2Fcomments&post=2925"}],"version-history":[{"count":2,"href":"https:\/\/nanophotonics.fizyka.umk.pl\/index.php?rest_route=\/wp\/v2\/pages\/2925\/revisions"}],"predecessor-version":[{"id":2933,"href":"https:\/\/nanophotonics.fizyka.umk.pl\/index.php?rest_route=\/wp\/v2\/pages\/2925\/revisions\/2933"}],"wp:attachment":[{"href":"https:\/\/nanophotonics.fizyka.umk.pl\/index.php?rest_route=%2Fwp%2Fv2%2Fmedia&parent=2925"}],"curies":[{"name":"wp","href":"https:\/\/api.w.org\/{rel}","templated":true}]}}