{"id":5,"date":"2020-01-13T11:17:52","date_gmt":"2020-01-13T11:17:52","guid":{"rendered":"https:\/\/demosites.io\/web-agency-gb\/?page_id=5"},"modified":"2025-06-10T14:14:26","modified_gmt":"2025-06-10T12:14:26","slug":"15c42-web-agency-gb-home","status":"publish","type":"page","link":"https:\/\/nanophotonics.fizyka.umk.pl\/","title":{"rendered":"Home"},"content":{"rendered":"\n<div id=\"wp-block-themeisle-blocks-advanced-columns-512cc8e9\" class=\"wp-block-themeisle-blocks-advanced-columns alignfull has-1-columns has-desktop-equal-layout has-tablet-equal-layout has-mobile-equal-layout has-vertical-center\"><div class=\"wp-block-themeisle-blocks-advanced-columns-overlay\"><\/div><div class=\"innerblocks-wrap\">\n<div id=\"wp-block-themeisle-blocks-advanced-column-d0923845\" class=\"wp-block-themeisle-blocks-advanced-column ticss-772a8d7e\">\n<h1 class=\"wp-block-heading has-text-align-center has-text-color\" style=\"color:#2b2b2b\">Katedra Nanofotoniki<\/h1>\n\n\n\n<h3 class=\"wp-block-heading has-text-align-center\">Instytut Fizyki, Uniwersytet Miko\u0142aja Kopernika w Toruniu<\/h3>\n\n\n\n<p class=\"has-text-align-center\">Grupa badawcza specjalizuj\u0105ca si\u0119 w optyce, mikroskopii, spektroskopii oraz nanotechnologii<\/p>\n\n\n\n<div id=\"wp-block-themeisle-blocks-button-group-089c65f7\" class=\"wp-block-themeisle-blocks-button-group collapse-mobile wp-block-buttons align-center\">\n<div id=\"wp-block-themeisle-blocks-button-c5161ab0\" class=\"wp-block-themeisle-blocks-button wp-block-button\"><a href=\"https:\/\/nanophotonics.fizyka.umk.pl\/?page_id=884\" target=\"_self\" rel=\"noopener noreferrer\" class=\"wp-block-button__link\"><span>Cz\u0142onkowie katedry<\/span><\/a><\/div>\n\n\n\n<div id=\"wp-block-themeisle-blocks-button-b7840673\" class=\"wp-block-themeisle-blocks-button wp-block-button\"><a href=\"https:\/\/nanophotonics.fizyka.umk.pl\/?page_id=1296\" target=\"_self\" rel=\"noopener noreferrer\" class=\"wp-block-button__link\"><span>Kontakt<\/span><\/a><\/div>\n<\/div>\n\n\n\n<p><\/p>\n<\/div>\n<\/div><\/div>\n\n\n\n<p><\/p>\n\n\n\n<h2 class=\"wp-block-heading has-text-align-center\"><strong>Aktualno\u015bci<\/strong><\/h2>\n\n\n<div class=\"alignwide animated fadeIn slow delay-100ms ticss-d4203260 wp-block-themeisle-blocks-posts-grid\" id=\"wp-block-themeisle-blocks-posts-grid-fe0c7f36\"><div class=\"alignwide is-list\"><div class=\"o-posts-grid-post-blog o-posts-grid-post-plain\"><div class=\"o-posts-grid-post\"><div class=\"o-posts-grid-post-body is-full\"><span class=\"o-posts-grid-post-category\"><a href=\"https:\/\/nanophotonics.fizyka.umk.pl\/?cat=321\">Lectures, Seminars<\/a><\/span><h4 class=\"o-posts-grid-post-title\"><a href=\"https:\/\/nanophotonics.fizyka.umk.pl\/?p=2823\">Seminar of the Nanophotonics Group<\/a><\/h4><div class=\"o-posts-grid-post-description\"><p>Dr hab. in\u017c. Lech Sznitko (Wroc\u0142aw University of Technology) will give an lecture: \u201cElektroprz\u0119dzeni\u2026<\/p><\/div><\/div><\/div><\/div><div class=\"o-posts-grid-post-blog o-posts-grid-post-plain\"><div class=\"o-posts-grid-post\"><div class=\"o-posts-grid-post-body is-full\"><span class=\"o-posts-grid-post-category\"><a href=\"https:\/\/nanophotonics.fizyka.umk.pl\/?cat=321\">Lectures, Seminars<\/a><\/span><h4 class=\"o-posts-grid-post-title\"><a href=\"https:\/\/nanophotonics.fizyka.umk.pl\/?p=2809\">Seminar of the Nanophotonics Group<\/a><\/h4><div class=\"o-posts-grid-post-description\"><p>Dr Piotr \u015al\u0119czkowski (\u0141\u00f3d\u017a University of Technology) will give an lecture: &#8220;Bioinspirowane mat\u2026<\/p><\/div><\/div><\/div><\/div><div class=\"o-posts-grid-post-blog o-posts-grid-post-plain\"><div class=\"o-posts-grid-post\"><div class=\"o-posts-grid-post-body is-full\"><span class=\"o-posts-grid-post-category\"><a href=\"https:\/\/nanophotonics.fizyka.umk.pl\/?cat=321\">Lectures, Seminars<\/a><\/span><h4 class=\"o-posts-grid-post-title\"><a href=\"https:\/\/nanophotonics.fizyka.umk.pl\/?p=2806\">Prof. Sebastian Ma\u0107kowski&#8217;s lecture<\/a><\/h4><div class=\"o-posts-grid-post-description\"><p>Prof. Sebastian Ma\u0107kowski will give an lecture at the Seminar of the Institute of Physics, NCU (Czwa\u2026<\/p><\/div><\/div><\/div><\/div><div class=\"o-posts-grid-post-blog o-posts-grid-post-plain\"><div class=\"o-posts-grid-post\"><div class=\"o-posts-grid-post-body is-full\"><span class=\"o-posts-grid-post-category\"><a href=\"https:\/\/nanophotonics.fizyka.umk.pl\/?cat=307\">PhD promotion<\/a><\/span><h4 class=\"o-posts-grid-post-title\"><a href=\"https:\/\/nanophotonics.fizyka.umk.pl\/?p=2131\">Maciej \u0106wierzona&#8217;s PhD thesis public defence<\/a><\/h4><div class=\"o-posts-grid-post-description\"><p>On June, 20 at 13:00 there will take place public defence of the PhD thesis prepared by Maciej \u0106wier\u2026<\/p><\/div><\/div><\/div><\/div><\/div> <\/div>\n\n\n<p><\/p>\n","protected":false},"excerpt":{"rendered":"<p>Aktualno\u015bci<\/p>\n","protected":false},"author":10,"featured_media":0,"parent":0,"menu_order":0,"comment_status":"closed","ping_status":"closed","template":"","meta":{"neve_meta_sidebar":"default","neve_meta_container":"","neve_meta_enable_content_width":"off","neve_meta_content_width":30,"neve_meta_title_alignment":"","neve_meta_author_avatar":"","neve_post_elements_order":"","neve_meta_disable_header":"","neve_meta_disable_footer":"","neve_meta_disable_title":"on","_themeisle_gutenberg_block_has_review":false,"footnotes":""},"class_list":["post-5","page","type-page","status-publish","hentry"],"_links":{"self":[{"href":"https:\/\/nanophotonics.fizyka.umk.pl\/index.php?rest_route=\/wp\/v2\/pages\/5","targetHints":{"allow":["GET"]}}],"collection":[{"href":"https:\/\/nanophotonics.fizyka.umk.pl\/index.php?rest_route=\/wp\/v2\/pages"}],"about":[{"href":"https:\/\/nanophotonics.fizyka.umk.pl\/index.php?rest_route=\/wp\/v2\/types\/page"}],"author":[{"embeddable":true,"href":"https:\/\/nanophotonics.fizyka.umk.pl\/index.php?rest_route=\/wp\/v2\/users\/10"}],"replies":[{"embeddable":true,"href":"https:\/\/nanophotonics.fizyka.umk.pl\/index.php?rest_route=%2Fwp%2Fv2%2Fcomments&post=5"}],"version-history":[{"count":22,"href":"https:\/\/nanophotonics.fizyka.umk.pl\/index.php?rest_route=\/wp\/v2\/pages\/5\/revisions"}],"predecessor-version":[{"id":2947,"href":"https:\/\/nanophotonics.fizyka.umk.pl\/index.php?rest_route=\/wp\/v2\/pages\/5\/revisions\/2947"}],"wp:attachment":[{"href":"https:\/\/nanophotonics.fizyka.umk.pl\/index.php?rest_route=%2Fwp%2Fv2%2Fmedia&parent=5"}],"curies":[{"name":"wp","href":"https:\/\/api.w.org\/{rel}","templated":true}]}}